{"id":766,"date":"2019-01-26T21:28:58","date_gmt":"2019-01-26T20:28:58","guid":{"rendered":"https:\/\/www.marketingmapy.com\/?page_id=766"},"modified":"2019-03-15T12:07:32","modified_gmt":"2019-03-15T11:07:32","slug":"zralosti","status":"publish","type":"page","link":"https:\/\/www.marketingmapy.com\/cs\/zralosti\/","title":{"rendered":"Zralosti"},"content":{"rendered":"<p>N\u00e1stroj Marketingov\u00fdch map se inspiruje\u00a0<a href=\"https:\/\/www.marketingmapy.com\/cs\/maturity-model-zralostni-modely\/\"><i>maturity modely<\/i><\/a>. Tato metodika se vyu\u017e\u00edv\u00e1 u&nbsp;procesn\u00edho \u0159\u00edzen\u00ed a&nbsp;\u0159\u00edk\u00e1, jak vyzr\u00e1l\u00fd, pokro\u010dil\u00fd, je projektov\u00fd t\u00fdm.<\/p>\n<p>V na\u0161em n\u00e1stroji zralosti vyu\u017e\u00edv\u00e1me jako stupn\u011b, ve kter\u00fdch se marketingov\u00fd projekt, \u010di&nbsp;chcete-li firma, zlep\u0161uje ve vyu\u017e\u00edv\u00e1n\u00ed potenci\u00e1lu konkr\u00e9tn\u00edho marketingov\u00e9ho kan\u00e1lu.<\/p>\n<p>Zralosti u&nbsp;n\u00e1s p\u0159edstavuj\u00ed \u00farove\u0148 zapojen\u00ed marketingov\u00e9ho kan\u00e1lu ve firm\u011b.<\/p>\n<div class=\"div-table col-sm-12\">\n<div class=\"row\">\n<div class=\"div-tr hlavicka hidden-xs\">\n<div class=\"div-th col-sm-3\">Hodnota Zralosti<\/div>\n<div class=\"div-th col-sm-9\">Popis zralosti<\/div>\n<\/div>\n<div class=\"div-tr\">\n<div class=\"div-td col-sm-3\"><strong>1 Nahodil\u00e1 (Random)<\/strong><\/div>\n<div class=\"div-td col-sm-9\">V podstat\u011b se marketingov\u00fd kan\u00e1l v&nbsp;projektu <b>nevyu\u017e\u00edv\u00e1<\/b>. Jde o&nbsp;<b>nahodil\u00e9<\/b> \u00fakoly \u010di&nbsp;\u00fakoly nezbytn\u00e9 pro zapo\u010det\u00ed vyu\u017eit\u00ed kan\u00e1lu.  Ve zralosti 1 jsou spln\u011bny nezbytn\u00e9 \u00fakoly pro zah\u00e1jen\u00ed pou\u017e\u00edv\u00e1n\u00ed marketingov\u00e9ho kan\u00e1lu.<\/div>\n<\/div>\n<div class=\"div-tr\">\n<div class=\"div-td col-sm-3\"><strong>2 Z\u00e1kladn\u00ed (Elemental)<\/strong><\/div>\n<div class=\"div-td col-sm-9\">Vysp\u011blost projektu je na <b>z\u00e1kladn\u00ed<\/b> \u00farovni, ale je\u0161t\u011b nedoch\u00e1z\u00ed k&nbsp;pr\u00e1ci s&nbsp;komplikovan\u00fdmi \u00fakoly vy\u017eaduj\u00edc\u00edmi specialistu. Pro zaveden\u00ed projektu \u010dasto sta\u010d\u00ed n\u00e1pov\u011bda. Je\u0161t\u011b nen\u00ed podstatn\u00fd ekonomick\u00fd dopad kan\u00e1lu.<\/div>\n<\/div>\n<div class=\"div-tr\">\n<div class=\"div-td col-sm-3\"><strong>3  Zaveden\u00e1 (Settled)<\/strong><\/div>\n<div class=\"div-td col-sm-9\">Tato zralost odpov\u00edd\u00e1 firm\u011b, kter\u00e9 vyu\u017e\u00edv\u00e1 marketingov\u00fd kan\u00e1l aktivn\u011b. Kan\u00e1l je ned\u00edlnou sou\u010d\u00e1st\u00ed marketingu firmy, je <b>zaveden<\/b>. N\u00e1ro\u010dnost a&nbsp;slo\u017eitost \u00fakol\u016f ji\u017e p\u0159edpokl\u00e1d\u00e1 velk\u00e9 zapojen\u00ed specialist\u016f.<\/div>\n<\/div>\n<div class=\"div-tr\">\n<div class=\"div-td col-sm-3\"><strong>4 Pokro\u010dil\u00e1 (Advanced)<\/strong><\/div>\n<div class=\"div-td col-sm-9\">Projekt ji\u017e \u0159e\u0161\u00ed <b>komplikovan\u00e9<\/b> \u00fakoly, kter\u00e9 jsou drah\u00e9, a&nbsp;proto je t\u0159eba p\u0159edem je\u0161t\u011b v\u00edce odhadnout ekonomick\u00fd smysl realizace. Obvykle je v&nbsp;t\u00fdmu specialista, kter\u00fd kan\u00e1l aktivn\u011b \u0159e\u0161\u00ed. \u010casto doch\u00e1z\u00ed k&nbsp;\u201cp\u0159epracov\u00e1n\u00ed\u201d ji\u017e d\u0159\u00edve odveden\u00e9 pr\u00e1ce a&nbsp;posunut\u00ed v\u00fdsledk\u016f o&nbsp;level v\u00fd\u0161e.<\/div>\n<\/div>\n<div class=\"div-tr\">\n<div class=\"div-td col-sm-3\"><strong>5 Komplexn\u00ed (Complex)<\/strong><\/div>\n<div class=\"div-td col-sm-9\">Velmi mal\u00e9 mno\u017estv\u00ed firem se dostane a\u017e do zralosti 5. Jde ji\u017e o&nbsp;<b>maxim\u00e1ln\u00ed vyu\u017eit\u00ed<\/b> marketingov\u00e9ho kan\u00e1lu. Kan\u00e1l ji\u017e m\u00e1 v\u00fdznamn\u00fd ekonomick\u00fd p\u0159\u00ednos pro firmu, proto do n\u011bj masivn\u011b investuje.<\/div>\n<\/div>\n<div class=\"div-tr\">\n<div class=\"div-td col-sm-3\"><strong>6 Vz\u00e1cn\u00e1 (Rare)<\/strong><\/div>\n<div class=\"div-td col-sm-9\"><b>Mimo\u0159\u00e1dn\u00e9<\/b> \u00fakoly, kter\u00e9 se v\u011bt\u0161in\u011b firem nevyplat\u00ed d\u011blat. Jsou velmi komplexn\u00ed, pokro\u010dil\u00e9, a&nbsp;\u010dasto \u010dasov\u011b n\u00e1ro\u010dn\u00e9. Sp\u00ed\u0161e vhodn\u00e9 pro velk\u00e9 projekty, kter\u00fdm se ji\u017e zp\u011btn\u011b \u201czaplat\u00ed\u201d dan\u00fd \u00fakol vytvo\u0159it. Ve firm\u011b je ji\u017e t\u00fdm specialist\u016f.<\/div>\n<\/div>\n<\/div>\n<\/div>\n<p><img loading=\"lazy\" decoding=\"async\" class=\"alignnone size-medium wp-image-772\" src=\"https:\/\/www.marketingmapy.com\/wp-content\/uploads\/2019\/01\/firmy-zralosti-500x188.png\" alt=\"\" width=\"500\" height=\"188\" srcset=\"https:\/\/www.marketingmapy.com\/wp-content\/uploads\/2019\/01\/firmy-zralosti-500x188.png 500w, https:\/\/www.marketingmapy.com\/wp-content\/uploads\/2019\/01\/firmy-zralosti-300x113.png 300w, https:\/\/www.marketingmapy.com\/wp-content\/uploads\/2019\/01\/firmy-zralosti.png 688w\" sizes=\"auto, (max-width: 500px) 100vw, 500px\" \/><\/p>\n<p>Odhadujeme, kolik firem v&nbsp;dan\u00fdch zralostech firmy na trhu p\u016fsob\u00ed. V\u011bt\u0161ina firem marketingov\u00e9 kan\u00e1ly nepou\u017e\u00edv\u00e1. A&nbsp;pokud ano, tak nahodile, bez koncepce a&nbsp;hlub\u0161\u00edho pou\u017eit\u00ed (Zralost 1). Pouze miziv\u00e9 procento je pou\u017e\u00edv\u00e1 nadpr\u016fm\u011brn\u011b, maxim\u00e1ln\u011b a&nbsp;tedy jsou Vz\u00e1cn\u00e9 (zralost 6).<\/p>\n<h3>Vysp\u011blost projektu dle zralost\u00ed<\/h3>\n<div class=\"div-table col-sm-12\">\n<div class=\"row\">\n<div class=\"div-tr hlavicka flex-box flex-box-center flex-wrap hidden-xs\">\n<div class=\"div-th width-14\">Vysp\u011blost projektu:<\/div>\n<div class=\"div-th width-14\">1: Nahodil\u00e1<\/div>\n<div class=\"div-th width-14\">2: Z\u00e1kladn\u00ed<\/div>\n<div class=\"div-th width-14\">3: Zaveden\u00e1<\/div>\n<div class=\"div-th width-14\">4: Pokro\u010dil\u00e1<\/div>\n<div class=\"div-th width-14\">5: Komplexn\u00ed<\/div>\n<div class=\"div-th width-14\">6: Vz\u00e1cn\u00e1<\/div>\n<\/div>\n<div class=\"div-tr\">\n<div class=\"div-td width-14\"><span class=\"visible-xs\">Vysp\u011blost projektu:<\/span><strong>Slo\u017eitost \u00fakol\u016f<\/strong><\/div>\n<div class=\"div-td width-14\"><span class=\"visible-xs\">1:&nbsp;Nahodil\u00e1<\/span>nahodil\u00e9 \u00fakoly<\/div>\n<div class=\"div-td width-14\"><span class=\"visible-xs\">2:&nbsp;Z\u00e1kladn\u00ed<\/span>\u00fakoly dle n\u00e1pov\u011bdy<\/div>\n<div class=\"div-td width-14\"><span class=\"visible-xs\">3:&nbsp;Zaveden\u00e1<\/span>pr\u00e1ce specialisty<\/div>\n<div class=\"div-td width-14\"><span class=\"visible-xs\">4:&nbsp;Pokro\u010dil\u00e1<\/span>komplikovan\u00e9 \u00fakoly<\/div>\n<div class=\"div-td width-14\"><span class=\"visible-xs\">5:&nbsp;Komplexn\u00ed<\/span>vysoce odborn\u00e9 \u00fakoly mimo\u0159\u00e1dn\u00e9<\/div>\n<div class=\"div-td width-14\"><span class=\"visible-xs\">6:&nbsp;Vz\u00e1cn\u00e1<\/span>mimo\u0159\u00e1dn\u00e9, specifick\u00e9 \u00fakoly<\/div>\n<\/div>\n<div class=\"div-tr\">\n<div class=\"div-td width-14\"><span class=\"visible-xs\">Vysp\u011blost projektu:<\/span><strong>Ekonomick\u00fd efekt kan\u00e1lu<\/strong><\/div>\n<div class=\"div-td width-14\"><span class=\"visible-xs\">1:&nbsp;Nahodil\u00e1<\/span>\u017e\u00e1dn\u00fd<\/div>\n<div class=\"div-td width-14\"><span class=\"visible-xs\">2:&nbsp;Z\u00e1kladn\u00ed<\/span>minim\u00e1ln\u00ed<\/div>\n<div class=\"div-td width-14\"><span class=\"visible-xs\">3:&nbsp;Zaveden\u00e1<\/span>d\u016fle\u017eit\u00fd<\/div>\n<div class=\"div-td width-14\"><span class=\"visible-xs\">4:&nbsp;Pokro\u010dil\u00e1<\/span>hlavn\u00ed<\/div>\n<div class=\"div-td width-14\"><span class=\"visible-xs\">5:&nbsp;Komplexn\u00ed<\/span>maxim\u00e1ln\u00ed vyu\u017eit\u00ed<\/div>\n<div class=\"div-td width-14\"><span class=\"visible-xs\">6:&nbsp;Vz\u00e1cn\u00e1<\/span>mimo\u0159\u00e1dn\u011b d\u016fle\u017eit\u00fd<\/div>\n<\/div>\n<div class=\"div-tr\">\n<div class=\"div-td width-14\"><span class=\"visible-xs\">Vysp\u011blost projektu:<\/span><strong>Odbornost<\/strong><\/div>\n<div class=\"div-td width-14\"><span class=\"visible-xs\">1:&nbsp;Nahodil\u00e1<\/span>\u017e\u00e1dn\u00e1<\/div>\n<div class=\"div-td width-14\"><span class=\"visible-xs\">2:&nbsp;Z\u00e1kladn\u00ed<\/span>z\u00e1klady<\/div>\n<div class=\"div-td width-14\"><span class=\"visible-xs\">3:&nbsp;Zaveden\u00e1<\/span>spolupr\u00e1ce se specialisty<\/div>\n<div class=\"div-td width-14\"><span class=\"visible-xs\">4:&nbsp;Pokro\u010dil\u00e1<\/span>zejm\u00e9na pr\u00e1ce specialisty<\/div>\n<div class=\"div-td width-14\"><span class=\"visible-xs\">5:&nbsp;Komplexn\u00ed<\/span>specialista ve firm\u011b<\/div>\n<div class=\"div-td width-14\"><span class=\"visible-xs\">6:&nbsp;Vz\u00e1cn\u00e1<\/span>intern\u00ed t\u00fdm specialist\u016f<\/div>\n<\/div>\n<\/div>\n<\/div>\n","protected":false},"excerpt":{"rendered":"<p>N\u00e1stroj Marketingov\u00fdch map se inspiruje\u00a0maturity modely. Tato metodika se vyu\u017e\u00edv\u00e1 u&nbsp;procesn\u00edho \u0159\u00edzen\u00ed a&nbsp;\u0159\u00edk\u00e1, jak vyzr\u00e1l\u00fd, pokro\u010dil\u00fd, je projektov\u00fd t\u00fdm. V&nbsp;na\u0161em n\u00e1stroji zralosti vyu\u017e\u00edv\u00e1me jako stupn\u011b, ve kter\u00fdch se marketingov\u00fd projekt, \u010di&nbsp;chcete-li firma, zlep\u0161uje ve vyu\u017e\u00edv\u00e1n\u00ed potenci\u00e1lu konkr\u00e9tn\u00edho marketingov\u00e9ho kan\u00e1lu. Zralosti u&nbsp;n\u00e1s p\u0159edstavuj\u00ed \u00farove\u0148 zapojen\u00ed marketingov\u00e9ho kan\u00e1lu ve firm\u011b. Hodnota Zralosti Popis zralosti 1 Nahodil\u00e1 &hellip;<\/p>\n","protected":false},"author":4,"featured_media":0,"parent":0,"menu_order":0,"comment_status":"closed","ping_status":"closed","template":"","meta":{"_acf_changed":false,"footnotes":""},"class_list":["post-766","page","type-page","status-publish","hentry"],"acf":[],"yoast_head":"<!-- This site is optimized with the Yoast SEO plugin v27.5 - https:\/\/yoast.com\/product\/yoast-seo-wordpress\/ -->\n<title>Zralosti - Marketing Mapy<\/title>\n<meta name=\"description\" content=\"N\u00e1stroj Marketingov\u00fdch map se inspiruje\u00a0maturity modely. Tato metodika se vyu\u017e\u00edv\u00e1 u procesn\u00edho \u0159\u00edzen\u00ed a \u0159\u00edk\u00e1, jak vyzr\u00e1l\u00fd, pokro\u010dil\u00fd, je projektov\u00fd t\u00fdm. V\" \/>\n<meta name=\"robots\" content=\"index, follow, max-snippet:-1, max-image-preview:large, max-video-preview:-1\" \/>\n<link rel=\"canonical\" href=\"https:\/\/www.marketingmapy.com\/cs\/zralosti\/\" \/>\n<meta property=\"og:locale\" content=\"cs_CZ\" \/>\n<meta property=\"og:type\" content=\"article\" \/>\n<meta property=\"og:title\" content=\"Zralosti - Marketing Mapy\" \/>\n<meta property=\"og:description\" content=\"N\u00e1stroj Marketingov\u00fdch map se inspiruje\u00a0maturity modely. Tato metodika se vyu\u017e\u00edv\u00e1 u procesn\u00edho \u0159\u00edzen\u00ed a \u0159\u00edk\u00e1, jak vyzr\u00e1l\u00fd, pokro\u010dil\u00fd, je projektov\u00fd t\u00fdm. V\" \/>\n<meta property=\"og:url\" content=\"https:\/\/www.marketingmapy.com\/cs\/zralosti\/\" \/>\n<meta property=\"og:site_name\" content=\"Marketing Mapy\" \/>\n<meta property=\"article:modified_time\" content=\"2019-03-15T11:07:32+00:00\" \/>\n<meta property=\"og:image\" content=\"https:\/\/www.marketingmapy.com\/wp-content\/uploads\/2019\/01\/firmy-zralosti-500x188.png\" \/>\n<meta name=\"twitter:card\" content=\"summary_large_image\" \/>\n<meta name=\"twitter:label1\" content=\"Odhadovan\u00e1 doba \u010dten\u00ed\" \/>\n\t<meta name=\"twitter:data1\" content=\"3 minuty\" \/>\n<script type=\"application\/ld+json\" class=\"yoast-schema-graph\">{\"@context\":\"https:\\\/\\\/schema.org\",\"@graph\":[{\"@type\":\"WebPage\",\"@id\":\"https:\\\/\\\/www.marketingmapy.com\\\/cs\\\/zralosti\\\/\",\"url\":\"https:\\\/\\\/www.marketingmapy.com\\\/cs\\\/zralosti\\\/\",\"name\":\"Zralosti - Marketing Mapy\",\"isPartOf\":{\"@id\":\"https:\\\/\\\/www.marketingmapy.com\\\/cs\\\/#website\"},\"primaryImageOfPage\":{\"@id\":\"https:\\\/\\\/www.marketingmapy.com\\\/cs\\\/zralosti\\\/#primaryimage\"},\"image\":{\"@id\":\"https:\\\/\\\/www.marketingmapy.com\\\/cs\\\/zralosti\\\/#primaryimage\"},\"thumbnailUrl\":\"https:\\\/\\\/www.marketingmapy.com\\\/wp-content\\\/uploads\\\/2019\\\/01\\\/firmy-zralosti-500x188.png\",\"datePublished\":\"2019-01-26T20:28:58+00:00\",\"dateModified\":\"2019-03-15T11:07:32+00:00\",\"description\":\"N\u00e1stroj Marketingov\u00fdch map se inspiruje\u00a0maturity modely. Tato metodika se vyu\u017e\u00edv\u00e1 u procesn\u00edho \u0159\u00edzen\u00ed a \u0159\u00edk\u00e1, jak vyzr\u00e1l\u00fd, pokro\u010dil\u00fd, je projektov\u00fd t\u00fdm. V\",\"breadcrumb\":{\"@id\":\"https:\\\/\\\/www.marketingmapy.com\\\/cs\\\/zralosti\\\/#breadcrumb\"},\"inLanguage\":\"cs\",\"potentialAction\":[{\"@type\":\"ReadAction\",\"target\":[\"https:\\\/\\\/www.marketingmapy.com\\\/cs\\\/zralosti\\\/\"]}]},{\"@type\":\"ImageObject\",\"inLanguage\":\"cs\",\"@id\":\"https:\\\/\\\/www.marketingmapy.com\\\/cs\\\/zralosti\\\/#primaryimage\",\"url\":\"https:\\\/\\\/www.marketingmapy.com\\\/wp-content\\\/uploads\\\/2019\\\/01\\\/firmy-zralosti-500x188.png\",\"contentUrl\":\"https:\\\/\\\/www.marketingmapy.com\\\/wp-content\\\/uploads\\\/2019\\\/01\\\/firmy-zralosti-500x188.png\"},{\"@type\":\"BreadcrumbList\",\"@id\":\"https:\\\/\\\/www.marketingmapy.com\\\/cs\\\/zralosti\\\/#breadcrumb\",\"itemListElement\":[{\"@type\":\"ListItem\",\"position\":1,\"name\":\"\u00davod\",\"item\":\"https:\\\/\\\/www.marketingmapy.com\\\/cs\\\/\"},{\"@type\":\"ListItem\",\"position\":2,\"name\":\"Zralosti\"}]},{\"@type\":\"WebSite\",\"@id\":\"https:\\\/\\\/www.marketingmapy.com\\\/cs\\\/#website\",\"url\":\"https:\\\/\\\/www.marketingmapy.com\\\/cs\\\/\",\"name\":\"Marketing Mapy\",\"description\":\"N\u00e1stroj pro \u0159\u00edzen\u00ed marketingov\u00fdch projekt\u016f nejen v digit\u00e1ln\u00ed agentu\u0159e\",\"potentialAction\":[{\"@type\":\"SearchAction\",\"target\":{\"@type\":\"EntryPoint\",\"urlTemplate\":\"https:\\\/\\\/www.marketingmapy.com\\\/cs\\\/?s={search_term_string}\"},\"query-input\":{\"@type\":\"PropertyValueSpecification\",\"valueRequired\":true,\"valueName\":\"search_term_string\"}}],\"inLanguage\":\"cs\"}]}<\/script>\n<!-- \/ Yoast SEO plugin. -->","yoast_head_json":{"title":"Zralosti - Marketing Mapy","description":"N\u00e1stroj Marketingov\u00fdch map se inspiruje\u00a0maturity modely. Tato metodika se vyu\u017e\u00edv\u00e1 u procesn\u00edho \u0159\u00edzen\u00ed a \u0159\u00edk\u00e1, jak vyzr\u00e1l\u00fd, pokro\u010dil\u00fd, je projektov\u00fd t\u00fdm. V","robots":{"index":"index","follow":"follow","max-snippet":"max-snippet:-1","max-image-preview":"max-image-preview:large","max-video-preview":"max-video-preview:-1"},"canonical":"https:\/\/www.marketingmapy.com\/cs\/zralosti\/","og_locale":"cs_CZ","og_type":"article","og_title":"Zralosti - Marketing Mapy","og_description":"N\u00e1stroj Marketingov\u00fdch map se inspiruje\u00a0maturity modely. Tato metodika se vyu\u017e\u00edv\u00e1 u procesn\u00edho \u0159\u00edzen\u00ed a \u0159\u00edk\u00e1, jak vyzr\u00e1l\u00fd, pokro\u010dil\u00fd, je projektov\u00fd t\u00fdm. V","og_url":"https:\/\/www.marketingmapy.com\/cs\/zralosti\/","og_site_name":"Marketing Mapy","article_modified_time":"2019-03-15T11:07:32+00:00","og_image":[{"url":"https:\/\/www.marketingmapy.com\/wp-content\/uploads\/2019\/01\/firmy-zralosti-500x188.png","type":"","width":"","height":""}],"twitter_card":"summary_large_image","twitter_misc":{"Odhadovan\u00e1 doba \u010dten\u00ed":"3 minuty"},"schema":{"@context":"https:\/\/schema.org","@graph":[{"@type":"WebPage","@id":"https:\/\/www.marketingmapy.com\/cs\/zralosti\/","url":"https:\/\/www.marketingmapy.com\/cs\/zralosti\/","name":"Zralosti - Marketing Mapy","isPartOf":{"@id":"https:\/\/www.marketingmapy.com\/cs\/#website"},"primaryImageOfPage":{"@id":"https:\/\/www.marketingmapy.com\/cs\/zralosti\/#primaryimage"},"image":{"@id":"https:\/\/www.marketingmapy.com\/cs\/zralosti\/#primaryimage"},"thumbnailUrl":"https:\/\/www.marketingmapy.com\/wp-content\/uploads\/2019\/01\/firmy-zralosti-500x188.png","datePublished":"2019-01-26T20:28:58+00:00","dateModified":"2019-03-15T11:07:32+00:00","description":"N\u00e1stroj Marketingov\u00fdch map se inspiruje\u00a0maturity modely. Tato metodika se vyu\u017e\u00edv\u00e1 u procesn\u00edho \u0159\u00edzen\u00ed a \u0159\u00edk\u00e1, jak vyzr\u00e1l\u00fd, pokro\u010dil\u00fd, je projektov\u00fd t\u00fdm. V","breadcrumb":{"@id":"https:\/\/www.marketingmapy.com\/cs\/zralosti\/#breadcrumb"},"inLanguage":"cs","potentialAction":[{"@type":"ReadAction","target":["https:\/\/www.marketingmapy.com\/cs\/zralosti\/"]}]},{"@type":"ImageObject","inLanguage":"cs","@id":"https:\/\/www.marketingmapy.com\/cs\/zralosti\/#primaryimage","url":"https:\/\/www.marketingmapy.com\/wp-content\/uploads\/2019\/01\/firmy-zralosti-500x188.png","contentUrl":"https:\/\/www.marketingmapy.com\/wp-content\/uploads\/2019\/01\/firmy-zralosti-500x188.png"},{"@type":"BreadcrumbList","@id":"https:\/\/www.marketingmapy.com\/cs\/zralosti\/#breadcrumb","itemListElement":[{"@type":"ListItem","position":1,"name":"\u00davod","item":"https:\/\/www.marketingmapy.com\/cs\/"},{"@type":"ListItem","position":2,"name":"Zralosti"}]},{"@type":"WebSite","@id":"https:\/\/www.marketingmapy.com\/cs\/#website","url":"https:\/\/www.marketingmapy.com\/cs\/","name":"Marketing Mapy","description":"N\u00e1stroj pro \u0159\u00edzen\u00ed marketingov\u00fdch projekt\u016f nejen v digit\u00e1ln\u00ed agentu\u0159e","potentialAction":[{"@type":"SearchAction","target":{"@type":"EntryPoint","urlTemplate":"https:\/\/www.marketingmapy.com\/cs\/?s={search_term_string}"},"query-input":{"@type":"PropertyValueSpecification","valueRequired":true,"valueName":"search_term_string"}}],"inLanguage":"cs"}]}},"_links":{"self":[{"href":"https:\/\/www.marketingmapy.com\/cs\/wp-json\/wp\/v2\/pages\/766","targetHints":{"allow":["GET"]}}],"collection":[{"href":"https:\/\/www.marketingmapy.com\/cs\/wp-json\/wp\/v2\/pages"}],"about":[{"href":"https:\/\/www.marketingmapy.com\/cs\/wp-json\/wp\/v2\/types\/page"}],"author":[{"embeddable":true,"href":"https:\/\/www.marketingmapy.com\/cs\/wp-json\/wp\/v2\/users\/4"}],"replies":[{"embeddable":true,"href":"https:\/\/www.marketingmapy.com\/cs\/wp-json\/wp\/v2\/comments?post=766"}],"version-history":[{"count":13,"href":"https:\/\/www.marketingmapy.com\/cs\/wp-json\/wp\/v2\/pages\/766\/revisions"}],"predecessor-version":[{"id":1343,"href":"https:\/\/www.marketingmapy.com\/cs\/wp-json\/wp\/v2\/pages\/766\/revisions\/1343"}],"wp:attachment":[{"href":"https:\/\/www.marketingmapy.com\/cs\/wp-json\/wp\/v2\/media?parent=766"}],"curies":[{"name":"wp","href":"https:\/\/api.w.org\/{rel}","templated":true}]}}