{"id":677,"date":"2019-01-26T14:43:01","date_gmt":"2019-01-26T13:43:01","guid":{"rendered":"https:\/\/www.marketingmapy.com\/?page_id=677"},"modified":"2019-03-28T08:46:03","modified_gmt":"2019-03-28T07:46:03","slug":"newsletter","status":"publish","type":"page","link":"https:\/\/www.marketingmapy.com\/cs\/newsletter\/","title":{"rendered":"Newsletter"},"content":{"rendered":"<p class=\"text-center\">P\u0159ihlaste se k&nbsp;odberu newsletteru. P\u0159i&nbsp;z\u00e1sadn\u00ed zm\u011bn\u011b v&nbsp;n\u00e1stroji v\u00e1m d\u00e1me v\u011bd\u011bt jako prvn\u00edm.<\/p>\n<div class=\"flex-box flex-box-center flex-wrap newsletter\">\n<div id=\"custom_html-3\" class=\"widget_text widget widget_custom_html amr_widget\"><div class=\"widget-title\">Newsletter<\/div><div class=\"textwidget custom-html-widget\"><!-- Begin Mailchimp Signup Form -->\r\n<link href=\"https:\/\/cdn-images.mailchimp.com\/embedcode\/slim-10_7.css\" rel=\"stylesheet\" type=\"text\/css\">\r\n<div id=\"mc_embed_signup\">\r\n<form action=\"https:\/\/marketingmapy.us20.list-manage.com\/subscribe\/post?u=c5460cf97051677330c999ca7&amp;id=bba28056c1\" method=\"post\" id=\"mc-embedded-subscribe-form\" name=\"mc-embedded-subscribe-form\" class=\"validate\" target=\"_blank\" novalidate>\r\n<div id=\"mc_embed_signup_scroll\">\r\n<input type=\"email\" value=\"\" name=\"EMAIL\" class=\"email\" id=\"mce-EMAIL\" placeholder=\"e-mailov\u00e1 adresa\" required>\r\n<!-- real people should not fill this in and expect good things - do not remove this or risk form bot signups-->\r\n<div style=\"position: absolute; left: -5000px;\" aria-hidden=\"true\"><input type=\"text\" name=\"b_c5460cf97051677330c999ca7_bba28056c1\" tabindex=\"-1\" value=\"\"><\/div>\r\n<div class=\"clear\"><input type=\"submit\" value=\"P\u0159ihl\u00e1sit se\" name=\"subscribe\" id=\"mc-embedded-subscribe\" class=\"btn btn-warning btn-sm\"><\/div>\r\n<\/div>\r\n<\/form>\r\n<\/div>\r\n\r\n<!--End mc_embed_signup--><\/div><\/div>\n<\/div>\n","protected":false},"excerpt":{"rendered":"<p>P\u0159ihlaste se k&nbsp;odberu newsletteru. P\u0159i&nbsp;z\u00e1sadn\u00ed zm\u011bn\u011b v&nbsp;n\u00e1stroji v\u00e1m d\u00e1me v\u011bd\u011bt jako prvn\u00edm.<\/p>\n","protected":false},"author":4,"featured_media":0,"parent":0,"menu_order":0,"comment_status":"closed","ping_status":"closed","template":"","meta":{"_acf_changed":false,"footnotes":""},"class_list":["post-677","page","type-page","status-publish","hentry"],"acf":[],"yoast_head":"<!-- This site is optimized with the Yoast SEO plugin v27.5 - https:\/\/yoast.com\/product\/yoast-seo-wordpress\/ -->\n<title>Newsletter - Marketing Mapy<\/title>\n<meta name=\"description\" content=\"P\u0159ihlaste se k odberu newsletteru. P\u0159i z\u00e1sadn\u00ed zm\u011bn\u011b v n\u00e1stroji v\u00e1m d\u00e1me v\u011bd\u011bt jako prvn\u00edm.\" \/>\n<meta name=\"robots\" content=\"index, follow, max-snippet:-1, max-image-preview:large, max-video-preview:-1\" \/>\n<link rel=\"canonical\" href=\"https:\/\/www.marketingmapy.com\/cs\/newsletter\/\" \/>\n<meta property=\"og:locale\" content=\"cs_CZ\" \/>\n<meta property=\"og:type\" content=\"article\" \/>\n<meta property=\"og:title\" content=\"Newsletter - Marketing Mapy\" \/>\n<meta property=\"og:description\" content=\"P\u0159ihlaste se k odberu newsletteru. P\u0159i z\u00e1sadn\u00ed zm\u011bn\u011b v n\u00e1stroji v\u00e1m d\u00e1me v\u011bd\u011bt jako prvn\u00edm.\" \/>\n<meta property=\"og:url\" content=\"https:\/\/www.marketingmapy.com\/cs\/newsletter\/\" \/>\n<meta property=\"og:site_name\" content=\"Marketing Mapy\" \/>\n<meta property=\"article:modified_time\" content=\"2019-03-28T07:46:03+00:00\" \/>\n<meta name=\"twitter:card\" content=\"summary_large_image\" \/>\n<script type=\"application\/ld+json\" class=\"yoast-schema-graph\">{\"@context\":\"https:\\\/\\\/schema.org\",\"@graph\":[{\"@type\":\"WebPage\",\"@id\":\"https:\\\/\\\/www.marketingmapy.com\\\/cs\\\/newsletter\\\/\",\"url\":\"https:\\\/\\\/www.marketingmapy.com\\\/cs\\\/newsletter\\\/\",\"name\":\"Newsletter - Marketing Mapy\",\"isPartOf\":{\"@id\":\"https:\\\/\\\/www.marketingmapy.com\\\/cs\\\/#website\"},\"datePublished\":\"2019-01-26T13:43:01+00:00\",\"dateModified\":\"2019-03-28T07:46:03+00:00\",\"description\":\"P\u0159ihlaste se k odberu newsletteru. P\u0159i z\u00e1sadn\u00ed zm\u011bn\u011b v n\u00e1stroji v\u00e1m d\u00e1me v\u011bd\u011bt jako prvn\u00edm.\",\"breadcrumb\":{\"@id\":\"https:\\\/\\\/www.marketingmapy.com\\\/cs\\\/newsletter\\\/#breadcrumb\"},\"inLanguage\":\"cs\",\"potentialAction\":[{\"@type\":\"ReadAction\",\"target\":[\"https:\\\/\\\/www.marketingmapy.com\\\/cs\\\/newsletter\\\/\"]}]},{\"@type\":\"BreadcrumbList\",\"@id\":\"https:\\\/\\\/www.marketingmapy.com\\\/cs\\\/newsletter\\\/#breadcrumb\",\"itemListElement\":[{\"@type\":\"ListItem\",\"position\":1,\"name\":\"\u00davod\",\"item\":\"https:\\\/\\\/www.marketingmapy.com\\\/cs\\\/\"},{\"@type\":\"ListItem\",\"position\":2,\"name\":\"Newsletter\"}]},{\"@type\":\"WebSite\",\"@id\":\"https:\\\/\\\/www.marketingmapy.com\\\/cs\\\/#website\",\"url\":\"https:\\\/\\\/www.marketingmapy.com\\\/cs\\\/\",\"name\":\"Marketing Mapy\",\"description\":\"N\u00e1stroj pro \u0159\u00edzen\u00ed marketingov\u00fdch projekt\u016f nejen v digit\u00e1ln\u00ed agentu\u0159e\",\"potentialAction\":[{\"@type\":\"SearchAction\",\"target\":{\"@type\":\"EntryPoint\",\"urlTemplate\":\"https:\\\/\\\/www.marketingmapy.com\\\/cs\\\/?s={search_term_string}\"},\"query-input\":{\"@type\":\"PropertyValueSpecification\",\"valueRequired\":true,\"valueName\":\"search_term_string\"}}],\"inLanguage\":\"cs\"}]}<\/script>\n<!-- \/ Yoast SEO plugin. -->","yoast_head_json":{"title":"Newsletter - Marketing Mapy","description":"P\u0159ihlaste se k odberu newsletteru. P\u0159i z\u00e1sadn\u00ed zm\u011bn\u011b v n\u00e1stroji v\u00e1m d\u00e1me v\u011bd\u011bt jako prvn\u00edm.","robots":{"index":"index","follow":"follow","max-snippet":"max-snippet:-1","max-image-preview":"max-image-preview:large","max-video-preview":"max-video-preview:-1"},"canonical":"https:\/\/www.marketingmapy.com\/cs\/newsletter\/","og_locale":"cs_CZ","og_type":"article","og_title":"Newsletter - Marketing Mapy","og_description":"P\u0159ihlaste se k odberu newsletteru. P\u0159i z\u00e1sadn\u00ed zm\u011bn\u011b v n\u00e1stroji v\u00e1m d\u00e1me v\u011bd\u011bt jako prvn\u00edm.","og_url":"https:\/\/www.marketingmapy.com\/cs\/newsletter\/","og_site_name":"Marketing Mapy","article_modified_time":"2019-03-28T07:46:03+00:00","twitter_card":"summary_large_image","schema":{"@context":"https:\/\/schema.org","@graph":[{"@type":"WebPage","@id":"https:\/\/www.marketingmapy.com\/cs\/newsletter\/","url":"https:\/\/www.marketingmapy.com\/cs\/newsletter\/","name":"Newsletter - Marketing Mapy","isPartOf":{"@id":"https:\/\/www.marketingmapy.com\/cs\/#website"},"datePublished":"2019-01-26T13:43:01+00:00","dateModified":"2019-03-28T07:46:03+00:00","description":"P\u0159ihlaste se k odberu newsletteru. P\u0159i z\u00e1sadn\u00ed zm\u011bn\u011b v n\u00e1stroji v\u00e1m d\u00e1me v\u011bd\u011bt jako prvn\u00edm.","breadcrumb":{"@id":"https:\/\/www.marketingmapy.com\/cs\/newsletter\/#breadcrumb"},"inLanguage":"cs","potentialAction":[{"@type":"ReadAction","target":["https:\/\/www.marketingmapy.com\/cs\/newsletter\/"]}]},{"@type":"BreadcrumbList","@id":"https:\/\/www.marketingmapy.com\/cs\/newsletter\/#breadcrumb","itemListElement":[{"@type":"ListItem","position":1,"name":"\u00davod","item":"https:\/\/www.marketingmapy.com\/cs\/"},{"@type":"ListItem","position":2,"name":"Newsletter"}]},{"@type":"WebSite","@id":"https:\/\/www.marketingmapy.com\/cs\/#website","url":"https:\/\/www.marketingmapy.com\/cs\/","name":"Marketing Mapy","description":"N\u00e1stroj pro \u0159\u00edzen\u00ed marketingov\u00fdch projekt\u016f nejen v digit\u00e1ln\u00ed agentu\u0159e","potentialAction":[{"@type":"SearchAction","target":{"@type":"EntryPoint","urlTemplate":"https:\/\/www.marketingmapy.com\/cs\/?s={search_term_string}"},"query-input":{"@type":"PropertyValueSpecification","valueRequired":true,"valueName":"search_term_string"}}],"inLanguage":"cs"}]}},"_links":{"self":[{"href":"https:\/\/www.marketingmapy.com\/cs\/wp-json\/wp\/v2\/pages\/677","targetHints":{"allow":["GET"]}}],"collection":[{"href":"https:\/\/www.marketingmapy.com\/cs\/wp-json\/wp\/v2\/pages"}],"about":[{"href":"https:\/\/www.marketingmapy.com\/cs\/wp-json\/wp\/v2\/types\/page"}],"author":[{"embeddable":true,"href":"https:\/\/www.marketingmapy.com\/cs\/wp-json\/wp\/v2\/users\/4"}],"replies":[{"embeddable":true,"href":"https:\/\/www.marketingmapy.com\/cs\/wp-json\/wp\/v2\/comments?post=677"}],"version-history":[{"count":10,"href":"https:\/\/www.marketingmapy.com\/cs\/wp-json\/wp\/v2\/pages\/677\/revisions"}],"predecessor-version":[{"id":1397,"href":"https:\/\/www.marketingmapy.com\/cs\/wp-json\/wp\/v2\/pages\/677\/revisions\/1397"}],"wp:attachment":[{"href":"https:\/\/www.marketingmapy.com\/cs\/wp-json\/wp\/v2\/media?parent=677"}],"curies":[{"name":"wp","href":"https:\/\/api.w.org\/{rel}","templated":true}]}}