{"id":2817,"date":"2020-08-07T18:27:20","date_gmt":"2020-08-07T16:27:20","guid":{"rendered":"https:\/\/www.marketingmapy.com\/?page_id=2817"},"modified":"2025-03-26T11:51:49","modified_gmt":"2025-03-26T10:51:49","slug":"plakaty","status":"publish","type":"page","link":"https:\/\/www.marketingmapy.com\/cs\/plakaty\/","title":{"rendered":"Marketingov\u00e9 plak\u00e1ty: SEO, PPC, Srovn\u00e1va\u010de"},"content":{"rendered":"<p>Chcete m\u00edt svou pr\u00e1ci st\u00e1le na o\u010d\u00edch? Vylepte si vyti\u0161t\u011bnou marketingovou mapu jako plak\u00e1t na ze\u010f sv\u00e9 kancel\u00e1\u0159e. Unik\u00e1tn\u00ed plak\u00e1ty do zaseda\u010dky ka\u017ed\u00e9 marketingov\u00e9 firmy. Ka\u017ed\u00fd plak\u00e1t obsahuje cel\u00e9 jedno marketingov\u00e9 t\u00e9ma (SEO, PPC \u010di&nbsp;Srovn\u00e1va\u010de zbo\u017e\u00ed), v\u010detn\u011b v\u0161ech n\u00e1zv\u016f konkr\u00e9tn\u00edch \u00fakol\u016f!<\/p>\n<p>Nakoupit plak\u00e1ty lze rovnou <a href=\"\/plakaty#ceny\">dole na t\u00e9to str\u00e1nce<\/a>.<\/p>\n<h2>Plak\u00e1t SEO: Optimalizace pro vyhled\u00e1va\u010de<\/h2>\n<p><a href=\"https:\/\/www.marketingmapy.com\/wp-content\/uploads\/2021\/11\/mm-PLAKATY-promo-holka-SEO.png\" data-rel=\"lightbox-gallery-YCH6iFZX\" data-rl_title=\"\" data-rl_caption=\"\" title=\"\"><img loading=\"lazy\" decoding=\"async\" class=\"wp-image-3855 size-medium alignnone\" src=\"https:\/\/www.marketingmapy.com\/wp-content\/uploads\/2021\/11\/mm-PLAKATY-promo-holka-SEO-357x500.png\" alt=\"Marketingov\u00fd plak\u00e1t SEO: Marketing Mapy\" width=\"357\" height=\"500\" \/><\/a><br \/>\n<a href=\"https:\/\/www.marketingmapy.com\/cs\/seo-mapa\/\">SEO Mapa<\/a><\/p>\n<h2>Plak\u00e1t PPC: Placen\u00e9 reklamy v&nbsp;Google Ads, Sklik a&nbsp;kataloz\u00edch<\/h2>\n<p><a href=\"https:\/\/www.marketingmapy.com\/wp-content\/uploads\/2021\/11\/mm-PLAKATY-promo-holka-PPC.png\" data-rel=\"lightbox-gallery-YCH6iFZX\" data-rl_title=\"\" data-rl_caption=\"\" title=\"\"><img loading=\"lazy\" decoding=\"async\" class=\"wp-image-3853 size-medium alignnone\" src=\"https:\/\/www.marketingmapy.com\/wp-content\/uploads\/2021\/11\/mm-PLAKATY-promo-holka-PPC-387x500.png\" alt=\"Marketingov\u00fd plak\u00e1t PPC: Marketing Mapy\" width=\"387\" height=\"500\" \/><\/a><a href=\"https:\/\/www.marketingmapy.com\/cs\/ppc-mapa\/\">PPC Mapa<\/a><\/p>\n<h2>Plak\u00e1t srovn\u00e1va\u010d\u016f zbo\u017e\u00ed<\/h2>\n<p><a href=\"https:\/\/www.marketingmapy.com\/wp-content\/uploads\/2021\/11\/mm-PLAKATY-promo-holka-XML.png\" data-rel=\"lightbox-gallery-YCH6iFZX\" data-rl_title=\"\" data-rl_caption=\"\" title=\"\"><img loading=\"lazy\" decoding=\"async\" class=\"wp-image-3857 size-medium alignnone\" src=\"https:\/\/www.marketingmapy.com\/wp-content\/uploads\/2021\/11\/mm-PLAKATY-promo-holka-XML-364x500.png\" alt=\"Marketingov\u00fd plak\u00e1t Srovn\u00e1va\u010d\u016f zbo\u017e\u00ed: Marketing Mapy\" width=\"364\" height=\"500\" \/><\/a><\/p>\n<p><a href=\"https:\/\/www.marketingmapy.com\/cs\/mapa-srovnavacu-zbozi\/\">Mapa srovn\u00e1va\u010d\u016f zbo\u017e\u00ed<\/a><\/p>\n<h2>Popis plak\u00e1t\u016f<\/h2>\n<ul>\n<li>Plak\u00e1t dost\u00e1v\u00e1te v&nbsp;tiskov\u00e9m PDF k&nbsp;vlastn\u00edmu vyti\u0161t\u011bn\u00ed.<\/li>\n<li><em>Plak\u00e1ty ji\u017e netiskneme a&nbsp;nezas\u00edl\u00e1me.<\/em><\/li>\n<li>Velikost podklad\u016f pro tisk plak\u00e1tu: A1 &#8211; 60&#215;84 cm<\/li>\n<li><strong>PDF pro tisk plak\u00e1tu lze koupit samostatn\u011b, bez p\u0159edplatn\u00e9ho.<\/strong><\/li>\n<li><strong>\u00dakoly zobrazen\u00e9 na plak\u00e1tu jsou aktu\u00e1ln\u00ed k&nbsp;roku 2021!<\/strong> Aktu\u00e1ln\u00ed \u00fakoly k&nbsp;roku 2024 najdete <a href=\"https:\/\/tool.marketingmapy.com\/\">zdarma v&nbsp;n\u00e1stroji<\/a>.<\/li>\n<\/ul>\n<h2><a id=\"ceny\"><\/a>Ceny plak\u00e1t\u016f<\/h2>\n<ul>\n<li><strong>Jak\u00fdkoliv 1 PDF plak\u00e1t samostatn\u011b: 550&nbsp;K\u010d<\/strong> bez DPH, 665,50&nbsp;K\u010d s&nbsp;DPH<\/li>\n<li><strong>V\u0161echny 3 PDF plak\u00e1ty SEO + PPC + Srovn\u00e1va\u010de: 1.100&nbsp;K\u010d<\/strong> bez DPH, 1.331&nbsp;K\u010d s&nbsp;DPH<\/li>\n<\/ul>\n<p><!-- www.SimpleShop.cz form#18480 start --><\/p>\n<div data-simpleshopform=\"876X\">\n<div>Prodejn\u00ed formul\u00e1\u0159 je vytvo\u0159en v&nbsp;syst\u00e9mu <a href=\"https:\/\/www.simpleshop.cz\/?utm_source=simpleshop&amp;utm_medium=form&amp;utm_campaign=20636\" target=\"_blank\" rel=\"noopener\">SimpleShop.cz<\/a>.<\/div>\n<\/div>\n<p><script>\n (function(i, s, o, g, r, a, m){\n  i[r] = i[r] || function(){\n   (i[r].q = i[r].q || []).push(arguments)\n  }, i[r].l = 1 * new Date();\n  a = s.createElement(o),\n  m = s.getElementsByTagName(o)[0];\n  a.async = 1;\n  a.src = g;\n  m.parentNode.insertBefore(a, m)\n })(window, document, \"script\", \"https:\/\/form.simpleshop.cz\/prj\/js\/SimpleShopService.js\", \"sss\");\n sss(\"createForm\", \"876X\");\n<\/script> <!-- www.SimpleShop.cz form#18480 end --><\/p>\n<h2>Jak plak\u00e1t pou\u017e\u00edvat<\/h2>\n<p>Jednodu\u0161e v&nbsp;po\u010d\u00edta\u010di vid\u00edte cel\u00fd Plak\u00e1t.<\/p>\n<p>Ale je\u0161t\u011b efektivn\u011bj\u0161\u00ed je, kdy\u017e si plak\u00e1t nech\u00e1te vytisknout a\u00a0 vylep\u00edte si ho na ze\u010f ve sv\u00e9 kancel\u00e1\u0159i a&nbsp;m\u016f\u017eete sledovat pokrok sv\u00e9ho projektu. Ka\u017ed\u00fd hotov\u00fd \u00fakol si p\u011bkn\u011b tu\u017ekou za\u0161krtnete.<\/p>\n<p>Plak\u00e1t obsahuje 1:1 v\u0161echny \u00fakoly, kter\u00e9 jsou v&nbsp;online n\u00e1stroji. Plak\u00e1t je koncipov\u00e1n stejn\u011b, jako Mapy v&nbsp;n\u00e1stroji, kdy jsou \u00fakoly \u0159azeny do Oblast\u00ed (\u0159\u00e1dky) a&nbsp;Zralosti projektu (sloupce). Vych\u00e1z\u00ed z&nbsp;metodiky <a href=\"https:\/\/www.marketingmapy.com\/cs\/maturity-model-zralostni-modely\/\">marketingov\u00fdch zralost\u00ed<\/a>.<\/p>\n<p>Ka\u017ed\u00fd projekt by m\u011bl za\u010d\u00edt \u0159e\u0161it nejprve \u00fakoly ze se zralost\u00ed 1: Nahodil\u00e1 a&nbsp;2: Z\u00e1kladn\u00ed. B\u011b\u017en\u011b vyzr\u00e1l\u00fd marketingov\u00fd projekt m\u00e1 spln\u011bnu v\u011bt\u0161inu \u00fakol\u016f ze zralost\u00ed 1 a\u017e 3: Zaveden\u00e1 a&nbsp;n\u011bkter\u00e9 d\u00edl\u010d\u00ed \u00fakoly ze 4: Zaveden\u00e1 \u010di&nbsp;5: Pokro\u010dil\u00e1. Viz <a href=\"https:\/\/www.marketingmapy.com\/cs\/zralosti\/\">Popis zralost\u00ed<\/a>.<\/p>\n<p><a href=\"https:\/\/www.marketingmapy.com\/wp-content\/uploads\/2021\/11\/ppc-plakat-ukazka.png\" data-rel=\"lightbox-gallery-YCH6iFZX\" data-rl_title=\"\" data-rl_caption=\"\" title=\"\"><img loading=\"lazy\" decoding=\"async\" class=\"aligncenter wp-image-3839 size-large\" src=\"https:\/\/www.marketingmapy.com\/wp-content\/uploads\/2021\/11\/ppc-plakat-ukazka-1000x378.png\" alt=\"\" width=\"1000\" height=\"378\" \/><\/a><\/p>\n<h2>Propojen\u00ed plak\u00e1tu a&nbsp;online n\u00e1stroje<\/h2>\n<p>Ka\u017ed\u00fd \u00fakol snadno dohled\u00e1te dle jeho n\u00e1zvu v&nbsp;n\u00e1stroji. Bu\u010f m\u016f\u017eete j\u00edt p\u0159es obrazovku Mapy (<a href=\"https:\/\/www.marketingmapy.com\/cs\/navod-pro-obrazovku-mapy\/\">N\u00e1vod pro obrazovku Mapy<\/a>) v&nbsp;horn\u00edm menu a&nbsp;dohledat \u00fakol dle jeho um\u00edst\u011bn\u00ed. A&nbsp;nebo p\u0159es z\u00e1lo\u017eky Seznamy \u00fakol\u016f (<a href=\"https:\/\/www.marketingmapy.com\/cs\/navod-obrazovka-seznam-ukolu\/\">N\u00e1vod pro Seznam \u00fakol\u016f<\/a>) a&nbsp;zde pomoc\u00ed fulltextov\u00e9ho hled\u00e1n\u00ed (pro pot\u0159eby plak\u00e1tu jsou n\u011bkter\u00e9 n\u00e1zvy \u00fakol\u016f kr\u00e1ceny). Ka\u017ed\u00fd \u00fakol m\u00e1 z\u00e1kladn\u00ed popis &#8222;Co \u00fakol znamen\u00e1&#8220;, Pro\u010d \u0159e\u0161it, Kdy\u017e \u00fakol nevy\u0159e\u0161\u00edm, Jak \u00fakol vy\u0159e\u0161it (v\u010detn\u011b odkaz\u016f na extern\u00ed \u010desk\u00e9 a&nbsp;anglick\u00e9 \u010dl\u00e1nky). Detail \u00fakolu tak\u00e9 ukazuje, jak\u00e9 \u00fakoly mu p\u0159edch\u00e1zej\u00ed \u010di&nbsp;na n\u011bj navazuj\u00ed. Viz <a href=\"https:\/\/www.marketingmapy.com\/cs\/navod-detail-ukolu\/\">N\u00e1vod k&nbsp;Detailu \u00fakol\u016f<\/a>.<\/p>\n<figure id=\"attachment_3842\" aria-describedby=\"caption-attachment-3842\" style=\"width: 1000px\" class=\"wp-caption aligncenter\"><a href=\"https:\/\/www.marketingmapy.com\/wp-content\/uploads\/2021\/11\/detail-ukolu-ukazka.png\" data-rel=\"lightbox-gallery-YCH6iFZX\" data-rl_title=\"\" data-rl_caption=\"\" title=\"\"><img loading=\"lazy\" decoding=\"async\" class=\"wp-image-3842 size-large\" src=\"https:\/\/www.marketingmapy.com\/wp-content\/uploads\/2021\/11\/detail-ukolu-ukazka-1000x703.png\" alt=\"Uk\u00e1zka detailu \u00fakolu v n\u00e1stroji\" width=\"1000\" height=\"703\" \/><\/a><figcaption id=\"caption-attachment-3842\" class=\"wp-caption-text\">Uk\u00e1zka detailu \u00fakolu v&nbsp;n\u00e1stroji<\/figcaption><\/figure>\n<p>Tak u\u017e v\u00edte, kde se se v&nbsp;kancel\u00e1\u0159i budou plak\u00e1ty nejl\u00e9pe vyj\u00edmat? Co t\u0159eba zaseda\u010dka, a\u0165 m\u016f\u017eete pl\u00e1novanou pr\u00e1ci n\u00e1zorn\u011b uk\u00e1zat ka\u017ed\u00e9mu klientovi.<\/p>\n<p>Pokud si nev\u00edte rady, <a href=\"https:\/\/www.marketingmapy.com\/cs\/kontakt\/\">napi\u0161te n\u00e1m.<\/a><\/p>\n<figure id=\"attachment_3894\" aria-describedby=\"caption-attachment-3894\" style=\"width: 500px\" class=\"wp-caption aligncenter\"><a href=\"https:\/\/www.marketingmapy.com\/wp-content\/uploads\/2021\/11\/3-marketingove-plakaty-cele-1-scaled.jpg\" data-rel=\"lightbox-gallery-YCH6iFZX\" data-rl_title=\"\" data-rl_caption=\"\" title=\"\"><img loading=\"lazy\" decoding=\"async\" class=\"wp-image-3894 size-medium\" src=\"https:\/\/www.marketingmapy.com\/wp-content\/uploads\/2021\/11\/3-marketingove-plakaty-cele-1-500x491.jpg\" alt=\"\" width=\"500\" height=\"491\" \/><\/a><figcaption id=\"caption-attachment-3894\" class=\"wp-caption-text\">Fotky v\u0161ech 3 map<\/figcaption><\/figure>\n<figure id=\"attachment_3885\" aria-describedby=\"caption-attachment-3885\" style=\"width: 500px\" class=\"wp-caption aligncenter\"><a href=\"https:\/\/www.marketingmapy.com\/wp-content\/uploads\/2021\/11\/detail-ukoly-scaled.jpg\" data-rel=\"lightbox-gallery-YCH6iFZX\" data-rl_title=\"\" data-rl_caption=\"\" title=\"\"><img loading=\"lazy\" decoding=\"async\" class=\"wp-image-3885 size-medium\" src=\"https:\/\/www.marketingmapy.com\/wp-content\/uploads\/2021\/11\/detail-ukoly-500x333.jpg\" alt=\"\" width=\"500\" height=\"333\" \/><\/a><figcaption id=\"caption-attachment-3885\" class=\"wp-caption-text\">Detail konkr\u00e9tn\u00edch \u00fakol\u016f<\/figcaption><\/figure>\n<figure id=\"attachment_3889\" aria-describedby=\"caption-attachment-3889\" style=\"width: 500px\" class=\"wp-caption aligncenter\"><a href=\"https:\/\/www.marketingmapy.com\/wp-content\/uploads\/2021\/11\/paticky-marketingove-plakaty-detail-scaled.jpg\" data-rel=\"lightbox-gallery-YCH6iFZX\" data-rl_title=\"\" data-rl_caption=\"\" title=\"\"><img loading=\"lazy\" decoding=\"async\" class=\"wp-image-3889 size-medium\" src=\"https:\/\/www.marketingmapy.com\/wp-content\/uploads\/2021\/11\/paticky-marketingove-plakaty-detail-500x333.jpg\" alt=\"\" width=\"500\" height=\"333\" \/><\/a><figcaption id=\"caption-attachment-3889\" class=\"wp-caption-text\">Pati\u010dky map<\/figcaption><\/figure>\n<p><a href=\"https:\/\/www.marketingmapy.com\/wp-content\/uploads\/2021\/11\/mapa-seo-paticka.png\" data-rel=\"lightbox-gallery-YCH6iFZX\" data-rl_title=\"\" data-rl_caption=\"\" title=\"\"><br \/>\n<\/a><a href=\"https:\/\/www.marketingmapy.com\/wp-content\/uploads\/2021\/11\/mapa-seo-paticka.png\" data-rel=\"lightbox-gallery-YCH6iFZX\" data-rl_title=\"\" data-rl_caption=\"\" title=\"\"><img loading=\"lazy\" decoding=\"async\" class=\"aligncenter wp-image-3835 size-large\" src=\"https:\/\/www.marketingmapy.com\/wp-content\/uploads\/2021\/11\/mapa-seo-paticka-1000x157.png\" alt=\"Plak\u00e1t SEO\" width=\"1000\" height=\"157\" \/><\/a><\/p>\n<p><a href=\"https:\/\/www.marketingmapy.com\/wp-content\/uploads\/2021\/11\/mapa-ppc-paticka-1.png\" data-rel=\"lightbox-gallery-YCH6iFZX\" data-rl_title=\"\" data-rl_caption=\"\" title=\"\"><img loading=\"lazy\" decoding=\"async\" class=\"aligncenter wp-image-3865 size-large\" src=\"https:\/\/www.marketingmapy.com\/wp-content\/uploads\/2021\/11\/mapa-ppc-paticka-1-1000x163.png\" alt=\"\" width=\"1000\" height=\"163\" \/><\/a><\/p>\n<p><a href=\"https:\/\/www.marketingmapy.com\/wp-content\/uploads\/2021\/11\/mapa-srovnavacu-zbozi-paticka-1.png\" data-rel=\"lightbox-gallery-YCH6iFZX\" data-rl_title=\"\" data-rl_caption=\"\" title=\"\"><img loading=\"lazy\" decoding=\"async\" class=\"aligncenter wp-image-3869 size-large\" src=\"https:\/\/www.marketingmapy.com\/wp-content\/uploads\/2021\/11\/mapa-srovnavacu-zbozi-paticka-1-1000x160.png\" alt=\"Plak\u00e1t Srovn\u00e1va\u010d\u016f zbo\u017e\u00ed\" width=\"1000\" height=\"160\" \/><\/a><\/p>\n","protected":false},"excerpt":{"rendered":"<p>Chcete m\u00edt svou pr\u00e1ci st\u00e1le na o\u010d\u00edch? Vylepte si vyti\u0161t\u011bnou marketingovou mapu jako plak\u00e1t na ze\u010f sv\u00e9 kancel\u00e1\u0159e. Unik\u00e1tn\u00ed plak\u00e1ty do zaseda\u010dky ka\u017ed\u00e9 marketingov\u00e9 firmy. Ka\u017ed\u00fd plak\u00e1t obsahuje cel\u00e9 jedno marketingov\u00e9 t\u00e9ma (SEO, PPC \u010di&nbsp;Srovn\u00e1va\u010de zbo\u017e\u00ed), v\u010detn\u011b v\u0161ech n\u00e1zv\u016f konkr\u00e9tn\u00edch \u00fakol\u016f! Nakoupit plak\u00e1ty lze rovnou dole na t\u00e9to str\u00e1nce. Plak\u00e1t SEO: Optimalizace pro vyhled\u00e1va\u010de SEO &hellip;<\/p>\n","protected":false},"author":4,"featured_media":0,"parent":0,"menu_order":0,"comment_status":"closed","ping_status":"closed","template":"","meta":{"_acf_changed":false,"footnotes":""},"class_list":["post-2817","page","type-page","status-publish","hentry"],"acf":[],"yoast_head":"<!-- This site is optimized with the Yoast SEO plugin v27.5 - https:\/\/yoast.com\/product\/yoast-seo-wordpress\/ -->\n<title>Marketingov\u00e9 plak\u00e1ty: SEO, PPC, Srovn\u00e1va\u010de - Marketing Mapy<\/title>\n<meta name=\"description\" content=\"Chcete m\u00edt svou pr\u00e1ci st\u00e1le na o\u010d\u00edch? Vylepte si vyti\u0161t\u011bnou marketingovou mapu jako plak\u00e1t na ze\u010f sv\u00e9 kancel\u00e1\u0159e. Unik\u00e1tn\u00ed plak\u00e1ty do zaseda\u010dky ka\u017ed\u00e9\" \/>\n<meta name=\"robots\" content=\"index, follow, max-snippet:-1, max-image-preview:large, max-video-preview:-1\" \/>\n<link rel=\"canonical\" href=\"https:\/\/www.marketingmapy.com\/cs\/plakaty\/\" \/>\n<meta property=\"og:locale\" content=\"cs_CZ\" \/>\n<meta property=\"og:type\" content=\"article\" \/>\n<meta property=\"og:title\" content=\"Marketingov\u00e9 plak\u00e1ty: SEO, PPC, Srovn\u00e1va\u010de - Marketing Mapy\" \/>\n<meta property=\"og:description\" content=\"Chcete m\u00edt svou pr\u00e1ci st\u00e1le na o\u010d\u00edch? Vylepte si vyti\u0161t\u011bnou marketingovou mapu jako plak\u00e1t na ze\u010f sv\u00e9 kancel\u00e1\u0159e. Unik\u00e1tn\u00ed plak\u00e1ty do zaseda\u010dky ka\u017ed\u00e9\" \/>\n<meta property=\"og:url\" content=\"https:\/\/www.marketingmapy.com\/cs\/plakaty\/\" \/>\n<meta property=\"og:site_name\" content=\"Marketing Mapy\" \/>\n<meta property=\"article:modified_time\" content=\"2025-03-26T10:51:49+00:00\" \/>\n<meta name=\"twitter:card\" content=\"summary_large_image\" \/>\n<meta name=\"twitter:label1\" content=\"Odhadovan\u00e1 doba \u010dten\u00ed\" \/>\n\t<meta name=\"twitter:data1\" content=\"5 minut\" \/>\n<script type=\"application\/ld+json\" class=\"yoast-schema-graph\">{\"@context\":\"https:\\\/\\\/schema.org\",\"@graph\":[{\"@type\":\"WebPage\",\"@id\":\"https:\\\/\\\/www.marketingmapy.com\\\/cs\\\/plakaty\\\/\",\"url\":\"https:\\\/\\\/www.marketingmapy.com\\\/cs\\\/plakaty\\\/\",\"name\":\"Marketingov\u00e9 plak\u00e1ty: SEO, PPC, Srovn\u00e1va\u010de - Marketing Mapy\",\"isPartOf\":{\"@id\":\"https:\\\/\\\/www.marketingmapy.com\\\/cs\\\/#website\"},\"primaryImageOfPage\":{\"@id\":\"https:\\\/\\\/www.marketingmapy.com\\\/cs\\\/plakaty\\\/#primaryimage\"},\"image\":{\"@id\":\"https:\\\/\\\/www.marketingmapy.com\\\/cs\\\/plakaty\\\/#primaryimage\"},\"thumbnailUrl\":\"https:\\\/\\\/www.marketingmapy.com\\\/wp-content\\\/uploads\\\/2021\\\/11\\\/mm-PLAKATY-promo-holka-SEO-357x500.png\",\"datePublished\":\"2020-08-07T16:27:20+00:00\",\"dateModified\":\"2025-03-26T10:51:49+00:00\",\"description\":\"Chcete m\u00edt svou pr\u00e1ci st\u00e1le na o\u010d\u00edch? Vylepte si vyti\u0161t\u011bnou marketingovou mapu jako plak\u00e1t na ze\u010f sv\u00e9 kancel\u00e1\u0159e. Unik\u00e1tn\u00ed plak\u00e1ty do zaseda\u010dky ka\u017ed\u00e9\",\"breadcrumb\":{\"@id\":\"https:\\\/\\\/www.marketingmapy.com\\\/cs\\\/plakaty\\\/#breadcrumb\"},\"inLanguage\":\"cs\",\"potentialAction\":[{\"@type\":\"ReadAction\",\"target\":[\"https:\\\/\\\/www.marketingmapy.com\\\/cs\\\/plakaty\\\/\"]}]},{\"@type\":\"ImageObject\",\"inLanguage\":\"cs\",\"@id\":\"https:\\\/\\\/www.marketingmapy.com\\\/cs\\\/plakaty\\\/#primaryimage\",\"url\":\"https:\\\/\\\/www.marketingmapy.com\\\/wp-content\\\/uploads\\\/2021\\\/11\\\/mm-PLAKATY-promo-holka-SEO-357x500.png\",\"contentUrl\":\"https:\\\/\\\/www.marketingmapy.com\\\/wp-content\\\/uploads\\\/2021\\\/11\\\/mm-PLAKATY-promo-holka-SEO-357x500.png\"},{\"@type\":\"BreadcrumbList\",\"@id\":\"https:\\\/\\\/www.marketingmapy.com\\\/cs\\\/plakaty\\\/#breadcrumb\",\"itemListElement\":[{\"@type\":\"ListItem\",\"position\":1,\"name\":\"\u00davod\",\"item\":\"https:\\\/\\\/www.marketingmapy.com\\\/cs\\\/\"},{\"@type\":\"ListItem\",\"position\":2,\"name\":\"Marketingov\u00e9 plak\u00e1ty: SEO, PPC, Srovn\u00e1va\u010de\"}]},{\"@type\":\"WebSite\",\"@id\":\"https:\\\/\\\/www.marketingmapy.com\\\/cs\\\/#website\",\"url\":\"https:\\\/\\\/www.marketingmapy.com\\\/cs\\\/\",\"name\":\"Marketing Mapy\",\"description\":\"N\u00e1stroj pro \u0159\u00edzen\u00ed marketingov\u00fdch projekt\u016f nejen v digit\u00e1ln\u00ed agentu\u0159e\",\"potentialAction\":[{\"@type\":\"SearchAction\",\"target\":{\"@type\":\"EntryPoint\",\"urlTemplate\":\"https:\\\/\\\/www.marketingmapy.com\\\/cs\\\/?s={search_term_string}\"},\"query-input\":{\"@type\":\"PropertyValueSpecification\",\"valueRequired\":true,\"valueName\":\"search_term_string\"}}],\"inLanguage\":\"cs\"}]}<\/script>\n<!-- \/ Yoast SEO plugin. -->","yoast_head_json":{"title":"Marketingov\u00e9 plak\u00e1ty: SEO, PPC, Srovn\u00e1va\u010de - Marketing Mapy","description":"Chcete m\u00edt svou pr\u00e1ci st\u00e1le na o\u010d\u00edch? Vylepte si vyti\u0161t\u011bnou marketingovou mapu jako plak\u00e1t na ze\u010f sv\u00e9 kancel\u00e1\u0159e. Unik\u00e1tn\u00ed plak\u00e1ty do zaseda\u010dky ka\u017ed\u00e9","robots":{"index":"index","follow":"follow","max-snippet":"max-snippet:-1","max-image-preview":"max-image-preview:large","max-video-preview":"max-video-preview:-1"},"canonical":"https:\/\/www.marketingmapy.com\/cs\/plakaty\/","og_locale":"cs_CZ","og_type":"article","og_title":"Marketingov\u00e9 plak\u00e1ty: SEO, PPC, Srovn\u00e1va\u010de - Marketing Mapy","og_description":"Chcete m\u00edt svou pr\u00e1ci st\u00e1le na o\u010d\u00edch? Vylepte si vyti\u0161t\u011bnou marketingovou mapu jako plak\u00e1t na ze\u010f sv\u00e9 kancel\u00e1\u0159e. Unik\u00e1tn\u00ed plak\u00e1ty do zaseda\u010dky ka\u017ed\u00e9","og_url":"https:\/\/www.marketingmapy.com\/cs\/plakaty\/","og_site_name":"Marketing Mapy","article_modified_time":"2025-03-26T10:51:49+00:00","twitter_card":"summary_large_image","twitter_misc":{"Odhadovan\u00e1 doba \u010dten\u00ed":"5 minut"},"schema":{"@context":"https:\/\/schema.org","@graph":[{"@type":"WebPage","@id":"https:\/\/www.marketingmapy.com\/cs\/plakaty\/","url":"https:\/\/www.marketingmapy.com\/cs\/plakaty\/","name":"Marketingov\u00e9 plak\u00e1ty: SEO, PPC, Srovn\u00e1va\u010de - Marketing Mapy","isPartOf":{"@id":"https:\/\/www.marketingmapy.com\/cs\/#website"},"primaryImageOfPage":{"@id":"https:\/\/www.marketingmapy.com\/cs\/plakaty\/#primaryimage"},"image":{"@id":"https:\/\/www.marketingmapy.com\/cs\/plakaty\/#primaryimage"},"thumbnailUrl":"https:\/\/www.marketingmapy.com\/wp-content\/uploads\/2021\/11\/mm-PLAKATY-promo-holka-SEO-357x500.png","datePublished":"2020-08-07T16:27:20+00:00","dateModified":"2025-03-26T10:51:49+00:00","description":"Chcete m\u00edt svou pr\u00e1ci st\u00e1le na o\u010d\u00edch? Vylepte si vyti\u0161t\u011bnou marketingovou mapu jako plak\u00e1t na ze\u010f sv\u00e9 kancel\u00e1\u0159e. Unik\u00e1tn\u00ed plak\u00e1ty do zaseda\u010dky ka\u017ed\u00e9","breadcrumb":{"@id":"https:\/\/www.marketingmapy.com\/cs\/plakaty\/#breadcrumb"},"inLanguage":"cs","potentialAction":[{"@type":"ReadAction","target":["https:\/\/www.marketingmapy.com\/cs\/plakaty\/"]}]},{"@type":"ImageObject","inLanguage":"cs","@id":"https:\/\/www.marketingmapy.com\/cs\/plakaty\/#primaryimage","url":"https:\/\/www.marketingmapy.com\/wp-content\/uploads\/2021\/11\/mm-PLAKATY-promo-holka-SEO-357x500.png","contentUrl":"https:\/\/www.marketingmapy.com\/wp-content\/uploads\/2021\/11\/mm-PLAKATY-promo-holka-SEO-357x500.png"},{"@type":"BreadcrumbList","@id":"https:\/\/www.marketingmapy.com\/cs\/plakaty\/#breadcrumb","itemListElement":[{"@type":"ListItem","position":1,"name":"\u00davod","item":"https:\/\/www.marketingmapy.com\/cs\/"},{"@type":"ListItem","position":2,"name":"Marketingov\u00e9 plak\u00e1ty: SEO, PPC, Srovn\u00e1va\u010de"}]},{"@type":"WebSite","@id":"https:\/\/www.marketingmapy.com\/cs\/#website","url":"https:\/\/www.marketingmapy.com\/cs\/","name":"Marketing Mapy","description":"N\u00e1stroj pro \u0159\u00edzen\u00ed marketingov\u00fdch projekt\u016f nejen v digit\u00e1ln\u00ed agentu\u0159e","potentialAction":[{"@type":"SearchAction","target":{"@type":"EntryPoint","urlTemplate":"https:\/\/www.marketingmapy.com\/cs\/?s={search_term_string}"},"query-input":{"@type":"PropertyValueSpecification","valueRequired":true,"valueName":"search_term_string"}}],"inLanguage":"cs"}]}},"_links":{"self":[{"href":"https:\/\/www.marketingmapy.com\/cs\/wp-json\/wp\/v2\/pages\/2817","targetHints":{"allow":["GET"]}}],"collection":[{"href":"https:\/\/www.marketingmapy.com\/cs\/wp-json\/wp\/v2\/pages"}],"about":[{"href":"https:\/\/www.marketingmapy.com\/cs\/wp-json\/wp\/v2\/types\/page"}],"author":[{"embeddable":true,"href":"https:\/\/www.marketingmapy.com\/cs\/wp-json\/wp\/v2\/users\/4"}],"replies":[{"embeddable":true,"href":"https:\/\/www.marketingmapy.com\/cs\/wp-json\/wp\/v2\/comments?post=2817"}],"version-history":[{"count":9,"href":"https:\/\/www.marketingmapy.com\/cs\/wp-json\/wp\/v2\/pages\/2817\/revisions"}],"predecessor-version":[{"id":17519,"href":"https:\/\/www.marketingmapy.com\/cs\/wp-json\/wp\/v2\/pages\/2817\/revisions\/17519"}],"wp:attachment":[{"href":"https:\/\/www.marketingmapy.com\/cs\/wp-json\/wp\/v2\/media?parent=2817"}],"curies":[{"name":"wp","href":"https:\/\/api.w.org\/{rel}","templated":true}]}}