{"id":2023,"date":"2019-10-02T11:21:34","date_gmt":"2019-10-02T09:21:34","guid":{"rendered":"https:\/\/www.marketingmapy.com\/?page_id=2023"},"modified":"2025-10-10T13:12:33","modified_gmt":"2025-10-10T11:12:33","slug":"cenik","status":"publish","type":"page","link":"https:\/\/www.marketingmapy.com\/cs\/cenik\/","title":{"rendered":"Cen\u00edk"},"content":{"rendered":"<h2>Cena n\u00e1stroje<\/h2>\n<p>Cel\u00fd n\u00e1stroj je ji\u017e zdarma. M\u00e1te ho k&nbsp;dispozici se v\u0161emi \u00fakoly, a\u017e pro 50 projekt\u016f.<br \/>\nJeho v\u00fdvoj byl ukon\u010den.<br \/>\nV&nbsp;n\u00e1stroji jsou \u00fakoly aktualizovan\u00e9 ke konci roku 2024. <\/p>\n<p><div id=\"black-studio-tinymce-4\" class=\"widget widget_black_studio_tinymce amr_widget\"><div class=\"textwidget\"><!-- Modal okno formulare -->\r\n<div id=\"myModal-form-predplatne\" class=\"modal fade\"><div class=\"modal-dialog\"><div class=\"modal-content\"><div class=\"modal-header\"><button class=\"close\" type=\"button\" data-dismiss=\"modal\">\u00d7<\/button>\r\n<h3 class=\"modal-title text-center\">Objedn\u00e1vka p\u0159edplatn\u00e9ho<\/h3><\/div><div class=\"modal-body\"><div class=\"row\"><div class=\"col-xs-12\"><div class=\"form-predplatne\">\n<div class=\"wpcf7 no-js\" id=\"wpcf7-f2347-o1\" lang=\"cs-CZ\" dir=\"ltr\" data-wpcf7-id=\"2347\">\n<div class=\"screen-reader-response\"><p role=\"status\" aria-live=\"polite\" aria-atomic=\"true\"><\/p> <ul><\/ul><\/div>\n<form action=\"\/cs\/wp-json\/wp\/v2\/pages\/2023#wpcf7-f2347-o1\" method=\"post\" class=\"wpcf7-form init\" aria-label=\"Kontaktn\u00ed formul\u00e1\u0159\" novalidate=\"novalidate\" data-status=\"init\">\n<fieldset class=\"hidden-fields-container\"><input type=\"hidden\" name=\"_wpcf7\" value=\"2347\" \/><input type=\"hidden\" name=\"_wpcf7_version\" value=\"6.1.5\" \/><input type=\"hidden\" name=\"_wpcf7_locale\" value=\"cs_CZ\" \/><input type=\"hidden\" name=\"_wpcf7_unit_tag\" value=\"wpcf7-f2347-o1\" \/><input type=\"hidden\" name=\"_wpcf7_container_post\" value=\"0\" \/><input type=\"hidden\" name=\"_wpcf7_posted_data_hash\" value=\"\" \/><input type=\"hidden\" name=\"_wpcf7_recaptcha_response\" value=\"\" \/>\n<\/fieldset>\n<div class=\"form-group sluzba\"><label class=\"\" for=\"sluzba\">Verze<\/label><input class=\"wpcf7-form-control wpcf7-text form-control\" id=\"sluzba\" name=\"sluzba\" type=\"text\" value=\"\" aria-invalid=\"false\"><\/div>\n\n<div class=\"form-group row\">\n    <div class=\"col-md-6\"><label for=\"cena\">Cena<\/label><input class=\"wpcf7-form-control wpcf7-text form-control\" id=\"cena_sluzby\" name=\"cena\" type=\"text\" value=\"\" aria-invalid=\"false\"><\/div>\n    <div class=\"col-md-6\"><label for=\"opakovani\">Opakov\u00e1n\u00ed<\/label><input class=\"wpcf7-form-control wpcf7-text form-control\" id=\"opakovani\" name=\"opakovani\" type=\"text\" value=\"\" aria-invalid=\"false\"><\/div>\n<\/div>\n<div class=\"form-group row\">\n    <div class=\"col-md-6\"><label for=\"your-email\">V\u00e1\u0161 e-mail<\/label><input class=\"wpcf7-form-control wpcf7-email wpcf7-validates-as-required wpcf7-text wpcf7-validates-as-email form-control\" name=\"your-email\" type=\"email\" value=\"\" aria-invalid=\"false\" aria-required=\"true\" required><\/div>\n    <div class=\"col-md-6\"><label for=\"Jmeno-prijmeni\">Jm\u00e9no a p\u0159\u00edjmen\u00ed<\/label><input class=\"wpcf7-form-control wpcf7-text form-control\" name=\"Jmeno-prijmeni\" type=\"text\" value=\"\" aria-invalid=\"false\"><\/div>\n<\/div>\n\n<div class=\"form-group firma\"><label class=\"\">Firma<\/label><input class=\"wpcf7-form-control wpcf7-text form-control\" name=\"firma\" type=\"text\" value=\"\" aria-invalid=\"false\"><\/div>\n<div class=\"form-group adresa\"><label class=\"\">Faktura\u010dn\u00ed adresa<\/label><input class=\"wpcf7-form-control wpcf7-text form-control\" name=\"adresa\" type=\"text\" value=\"\" aria-invalid=\"false\"><\/div>\n\n<div class=\"form-group row\">\n    <div class=\"col-md-6\"><label for=\"ico\">I\u010cO<\/label><input class=\"wpcf7-form-control wpcf7-text form-control\" name=\"ico\" type=\"text\" value=\"\" aria-invalid=\"false\"><\/div>\n    <div class=\"col-md-6\"><label for=\"dic\">DI\u010c<\/label><input class=\"wpcf7-form-control wpcf7-text form-control\" name=\"dic\" type=\"text\" value=\"\" aria-invalid=\"false\"><\/div>\n<\/div>\n\n<div class=\"form-group your-message\"><label class=\"\">Pozn\u00e1mka<\/label><textarea class=\"wpcf7-form-control wpcf7-textarea form-control\" name=\"your-message\" rows=\"4\" aria-invalid=\"false\"><\/textarea><\/div> \n<div class=\"form-group wpcf7-form-control wpcf7-acceptance accept-this-1\"><div class=\"checkbox wpcf7-form-control wpcf7-acceptance accept-this-1\"><label ><input name=\"accept-this-1\" type=\"checkbox\" value=\"1\" aria-invalid=\"false\">Pou\u017eit\u00edm tohoto formul\u00e1\u0159e souhlas\u00edte s ukl\u00e1d\u00e1n\u00edm a manipulac\u00ed s t\u011bmito \u00fadaji prost\u0159ednictv\u00edm t\u00e9to webov\u00e9 str\u00e1nky. <a href=\"\/cs\/zasady-ochrany-osobnich-udaju\/\">Z\u00e1sady ochrany osobn\u00edch \u00fadaj\u016f<\/a><\/label><\/div><\/div>\n<div class=\"form-group wpcf7-form-control wpcf7-acceptance accept-this-3\"><div class=\"checkbox wpcf7-form-control wpcf7-acceptance accept-this-3\"><label ><input name=\"accept-this-3\" type=\"checkbox\" value=\"1\" aria-invalid=\"false\">Zasl\u00e1n\u00edm objedn\u00e1vky souhlas\u00edte s <a href=\"https:\/\/www.marketingmapy.com\/cs\/obchodni-podminky\/\">obchodn\u00edmi podm\u00ednkami<\/a>.<\/label><\/div><\/div>\n<span id=\"city\" class=\"wpcf7-form-control-wrap City-wrap\" ><label for=\"wpcf7-69e8abf8639e9-field\" class=\"hp-message\">Ponechte toto pole pr\u00e1zdn\u00e9.<\/label><input id=\"wpcf7-69e8abf8639e9-field\"  class=\"wpcf7-form-control wpcf7-text\" type=\"text\" name=\"City\" value=\"\" size=\"40\" tabindex=\"-1\" autocomplete=\"new-password\" \/><\/span>\n<div class=\"form-group\"><div class=\"text-center\"><input class=\"wpcf7-form-control wpcf7-submit btn btn-success btn-lg\" type=\"submit\" value=\"Dokon\u010dit objedn\u00e1vku\"><\/div><\/div><div class=\"wpcf7-response-output alert alert-warning\"><\/div>\n<\/form>\n<\/div>\n<\/div><\/div><div class=\"clearfix\"><\/div><div class=\"modal-footer\"><span class=\"text-center\">*\u00dadaje ozna\u010den\u00e9 hv\u011bzdi\u010dkou jsou povinn\u00e9!<\/span><span class=\"text-center gogle-text\">This site is protected by reCAPTCHA od Google <a href=\"https:\/\/policies.google.com\/privacy\" target=\"_blank\">Privacy Policy<\/a> and <a href=\"https:\/\/policies.google.com\/terms\" target=\"_blank\">Podm\u00ednky u\u017eit\u00ed<\/a> apply.<\/span><\/div><\/div><\/div><\/div><\/div><\/div><\/div><\/div><br \/>\n<!-- formular v modal okne konec --><\/p>\n<div class=\"clearfix\"><\/div>\n<h2>Dal\u0161\u00ed produkty a&nbsp;slu\u017eby<\/h2>\n<h3>Ti\u0161t\u011bn\u00e9 plak\u00e1ty<\/h3>\n<p>Nab\u00eddka PDF plak\u00e1t\u016f jednotliv\u00fdch map, viz <a href=\"https:\/\/www.marketingmapy.com\/cs\/plakaty\/\">str\u00e1nka o&nbsp;marketingov\u00fdch plak\u00e1tech<\/a>.<\/p>\n<div class=\"clearfix\"><\/div>\n<h3>Orchestrace agentury &#8211; pr\u00e9miov\u00fd obsah<\/h3>\n<p>26 \u010dl\u00e1nk\u016f o&nbsp;\u0159\u00edzen\u00ed digit\u00e1ln\u00edch agentur a&nbsp;Ebook s&nbsp;8 hlavn\u00edmi \u010dl\u00e1nky<br \/>\nV\u00edce o&nbsp;<a href=\"https:\/\/www.marketingmapy.com\/cs\/orchestrace-digitalni-agentury-premiovy-obsah-k-zakoupeni\/\">zp\u016fsobu n\u00e1kupu a&nbsp;obsahu<\/a>.<\/p>\n<div class=\"col-sm-6\"><img loading=\"lazy\" decoding=\"async\" class=\"aligncenter size-medium wp-image-3540\" src=\"https:\/\/www.marketingmapy.com\/wp-content\/uploads\/2022\/05\/ctverec.png\" alt=\"Jak ridit agenturu\" width=\"300\" height=\"300\" \/><\/div>\n","protected":false},"excerpt":{"rendered":"<p>Cena n\u00e1stroje Cel\u00fd n\u00e1stroj je ji\u017e zdarma. M\u00e1te ho k&nbsp;dispozici se v\u0161emi \u00fakoly, a\u017e pro 50 projekt\u016f. Jeho v\u00fdvoj byl ukon\u010den. V&nbsp;n\u00e1stroji jsou \u00fakoly aktualizovan\u00e9 ke konci roku 2024. Dal\u0161\u00ed produkty a&nbsp;slu\u017eby Ti\u0161t\u011bn\u00e9 plak\u00e1ty Nab\u00eddka PDF plak\u00e1t\u016f jednotliv\u00fdch map, viz str\u00e1nka o&nbsp;marketingov\u00fdch plak\u00e1tech. Orchestrace agentury &#8211; pr\u00e9miov\u00fd obsah 26 \u010dl\u00e1nk\u016f o&nbsp;\u0159\u00edzen\u00ed digit\u00e1ln\u00edch agentur a&nbsp;Ebook s&nbsp;8 &hellip;<\/p>\n","protected":false},"author":4,"featured_media":0,"parent":0,"menu_order":0,"comment_status":"closed","ping_status":"closed","template":"page-templates\/template-full-width-center.php","meta":{"_acf_changed":false,"footnotes":""},"class_list":["post-2023","page","type-page","status-publish","hentry"],"acf":[],"yoast_head":"<!-- This site is optimized with the Yoast SEO plugin v27.4 - https:\/\/yoast.com\/product\/yoast-seo-wordpress\/ -->\n<title>Cen\u00edk - Marketing Mapy<\/title>\n<meta name=\"description\" content=\"N\u00e1stroj v Z\u00e1kladn\u00ed verzi m\u00e1 v\u011bt\u0161inu funk\u010dnosti a stovky \u00fakol\u016f zdarma. Placen\u00e9 verze od 595 K\u010d\/m\u011bs\u00ed\u010dn\u011b.\" \/>\n<meta name=\"robots\" content=\"index, follow, max-snippet:-1, max-image-preview:large, max-video-preview:-1\" \/>\n<link rel=\"canonical\" href=\"https:\/\/www.marketingmapy.com\/cs\/cenik\/\" \/>\n<meta property=\"og:locale\" content=\"cs_CZ\" \/>\n<meta property=\"og:type\" content=\"article\" \/>\n<meta property=\"og:title\" content=\"Cen\u00edk - Marketing Mapy\" \/>\n<meta property=\"og:description\" content=\"N\u00e1stroj v Z\u00e1kladn\u00ed verzi m\u00e1 v\u011bt\u0161inu funk\u010dnosti a stovky \u00fakol\u016f zdarma. Placen\u00e9 verze od 595 K\u010d\/m\u011bs\u00ed\u010dn\u011b.\" \/>\n<meta property=\"og:url\" content=\"https:\/\/www.marketingmapy.com\/cs\/cenik\/\" \/>\n<meta property=\"og:site_name\" content=\"Marketing Mapy\" \/>\n<meta property=\"article:modified_time\" content=\"2025-10-10T11:12:33+00:00\" \/>\n<meta property=\"og:image\" content=\"https:\/\/www.marketingmapy.com\/wp-content\/uploads\/2020\/12\/SEO-audit.png\" \/>\n\t<meta property=\"og:image:width\" content=\"1080\" \/>\n\t<meta property=\"og:image:height\" content=\"1080\" \/>\n\t<meta property=\"og:image:type\" content=\"image\/png\" \/>\n<meta name=\"twitter:card\" content=\"summary_large_image\" \/>\n<meta name=\"twitter:label1\" content=\"Odhadovan\u00e1 doba \u010dten\u00ed\" \/>\n\t<meta name=\"twitter:data1\" content=\"1 minuta\" \/>\n<script type=\"application\/ld+json\" class=\"yoast-schema-graph\">{\"@context\":\"https:\\\/\\\/schema.org\",\"@graph\":[{\"@type\":\"WebPage\",\"@id\":\"https:\\\/\\\/www.marketingmapy.com\\\/cs\\\/cenik\\\/\",\"url\":\"https:\\\/\\\/www.marketingmapy.com\\\/cs\\\/cenik\\\/\",\"name\":\"Cen\u00edk - Marketing Mapy\",\"isPartOf\":{\"@id\":\"https:\\\/\\\/www.marketingmapy.com\\\/cs\\\/#website\"},\"primaryImageOfPage\":{\"@id\":\"https:\\\/\\\/www.marketingmapy.com\\\/cs\\\/cenik\\\/#primaryimage\"},\"image\":{\"@id\":\"https:\\\/\\\/www.marketingmapy.com\\\/cs\\\/cenik\\\/#primaryimage\"},\"thumbnailUrl\":\"https:\\\/\\\/www.marketingmapy.com\\\/wp-content\\\/uploads\\\/2022\\\/05\\\/ctverec.png\",\"datePublished\":\"2019-10-02T09:21:34+00:00\",\"dateModified\":\"2025-10-10T11:12:33+00:00\",\"description\":\"N\u00e1stroj v Z\u00e1kladn\u00ed verzi m\u00e1 v\u011bt\u0161inu funk\u010dnosti a stovky \u00fakol\u016f zdarma. Placen\u00e9 verze od 595 K\u010d\\\/m\u011bs\u00ed\u010dn\u011b.\",\"breadcrumb\":{\"@id\":\"https:\\\/\\\/www.marketingmapy.com\\\/cs\\\/cenik\\\/#breadcrumb\"},\"inLanguage\":\"cs\",\"potentialAction\":[{\"@type\":\"ReadAction\",\"target\":[\"https:\\\/\\\/www.marketingmapy.com\\\/cs\\\/cenik\\\/\"]}]},{\"@type\":\"ImageObject\",\"inLanguage\":\"cs\",\"@id\":\"https:\\\/\\\/www.marketingmapy.com\\\/cs\\\/cenik\\\/#primaryimage\",\"url\":\"https:\\\/\\\/www.marketingmapy.com\\\/wp-content\\\/uploads\\\/2022\\\/05\\\/ctverec.png\",\"contentUrl\":\"https:\\\/\\\/www.marketingmapy.com\\\/wp-content\\\/uploads\\\/2022\\\/05\\\/ctverec.png\"},{\"@type\":\"BreadcrumbList\",\"@id\":\"https:\\\/\\\/www.marketingmapy.com\\\/cs\\\/cenik\\\/#breadcrumb\",\"itemListElement\":[{\"@type\":\"ListItem\",\"position\":1,\"name\":\"\u00davod\",\"item\":\"https:\\\/\\\/www.marketingmapy.com\\\/cs\\\/\"},{\"@type\":\"ListItem\",\"position\":2,\"name\":\"Cen\u00edk\"}]},{\"@type\":\"WebSite\",\"@id\":\"https:\\\/\\\/www.marketingmapy.com\\\/cs\\\/#website\",\"url\":\"https:\\\/\\\/www.marketingmapy.com\\\/cs\\\/\",\"name\":\"Marketing Mapy\",\"description\":\"N\u00e1stroj pro \u0159\u00edzen\u00ed marketingov\u00fdch projekt\u016f nejen v digit\u00e1ln\u00ed agentu\u0159e\",\"potentialAction\":[{\"@type\":\"SearchAction\",\"target\":{\"@type\":\"EntryPoint\",\"urlTemplate\":\"https:\\\/\\\/www.marketingmapy.com\\\/cs\\\/?s={search_term_string}\"},\"query-input\":{\"@type\":\"PropertyValueSpecification\",\"valueRequired\":true,\"valueName\":\"search_term_string\"}}],\"inLanguage\":\"cs\"}]}<\/script>\n<!-- \/ Yoast SEO plugin. -->","yoast_head_json":{"title":"Cen\u00edk - Marketing Mapy","description":"N\u00e1stroj v Z\u00e1kladn\u00ed verzi m\u00e1 v\u011bt\u0161inu funk\u010dnosti a stovky \u00fakol\u016f zdarma. Placen\u00e9 verze od 595 K\u010d\/m\u011bs\u00ed\u010dn\u011b.","robots":{"index":"index","follow":"follow","max-snippet":"max-snippet:-1","max-image-preview":"max-image-preview:large","max-video-preview":"max-video-preview:-1"},"canonical":"https:\/\/www.marketingmapy.com\/cs\/cenik\/","og_locale":"cs_CZ","og_type":"article","og_title":"Cen\u00edk - Marketing Mapy","og_description":"N\u00e1stroj v Z\u00e1kladn\u00ed verzi m\u00e1 v\u011bt\u0161inu funk\u010dnosti a stovky \u00fakol\u016f zdarma. Placen\u00e9 verze od 595 K\u010d\/m\u011bs\u00ed\u010dn\u011b.","og_url":"https:\/\/www.marketingmapy.com\/cs\/cenik\/","og_site_name":"Marketing Mapy","article_modified_time":"2025-10-10T11:12:33+00:00","og_image":[{"width":1080,"height":1080,"url":"https:\/\/www.marketingmapy.com\/wp-content\/uploads\/2020\/12\/SEO-audit.png","type":"image\/png"}],"twitter_card":"summary_large_image","twitter_misc":{"Odhadovan\u00e1 doba \u010dten\u00ed":"1 minuta"},"schema":{"@context":"https:\/\/schema.org","@graph":[{"@type":"WebPage","@id":"https:\/\/www.marketingmapy.com\/cs\/cenik\/","url":"https:\/\/www.marketingmapy.com\/cs\/cenik\/","name":"Cen\u00edk - Marketing Mapy","isPartOf":{"@id":"https:\/\/www.marketingmapy.com\/cs\/#website"},"primaryImageOfPage":{"@id":"https:\/\/www.marketingmapy.com\/cs\/cenik\/#primaryimage"},"image":{"@id":"https:\/\/www.marketingmapy.com\/cs\/cenik\/#primaryimage"},"thumbnailUrl":"https:\/\/www.marketingmapy.com\/wp-content\/uploads\/2022\/05\/ctverec.png","datePublished":"2019-10-02T09:21:34+00:00","dateModified":"2025-10-10T11:12:33+00:00","description":"N\u00e1stroj v Z\u00e1kladn\u00ed verzi m\u00e1 v\u011bt\u0161inu funk\u010dnosti a stovky \u00fakol\u016f zdarma. Placen\u00e9 verze od 595 K\u010d\/m\u011bs\u00ed\u010dn\u011b.","breadcrumb":{"@id":"https:\/\/www.marketingmapy.com\/cs\/cenik\/#breadcrumb"},"inLanguage":"cs","potentialAction":[{"@type":"ReadAction","target":["https:\/\/www.marketingmapy.com\/cs\/cenik\/"]}]},{"@type":"ImageObject","inLanguage":"cs","@id":"https:\/\/www.marketingmapy.com\/cs\/cenik\/#primaryimage","url":"https:\/\/www.marketingmapy.com\/wp-content\/uploads\/2022\/05\/ctverec.png","contentUrl":"https:\/\/www.marketingmapy.com\/wp-content\/uploads\/2022\/05\/ctverec.png"},{"@type":"BreadcrumbList","@id":"https:\/\/www.marketingmapy.com\/cs\/cenik\/#breadcrumb","itemListElement":[{"@type":"ListItem","position":1,"name":"\u00davod","item":"https:\/\/www.marketingmapy.com\/cs\/"},{"@type":"ListItem","position":2,"name":"Cen\u00edk"}]},{"@type":"WebSite","@id":"https:\/\/www.marketingmapy.com\/cs\/#website","url":"https:\/\/www.marketingmapy.com\/cs\/","name":"Marketing Mapy","description":"N\u00e1stroj pro \u0159\u00edzen\u00ed marketingov\u00fdch projekt\u016f nejen v digit\u00e1ln\u00ed agentu\u0159e","potentialAction":[{"@type":"SearchAction","target":{"@type":"EntryPoint","urlTemplate":"https:\/\/www.marketingmapy.com\/cs\/?s={search_term_string}"},"query-input":{"@type":"PropertyValueSpecification","valueRequired":true,"valueName":"search_term_string"}}],"inLanguage":"cs"}]}},"_links":{"self":[{"href":"https:\/\/www.marketingmapy.com\/cs\/wp-json\/wp\/v2\/pages\/2023","targetHints":{"allow":["GET"]}}],"collection":[{"href":"https:\/\/www.marketingmapy.com\/cs\/wp-json\/wp\/v2\/pages"}],"about":[{"href":"https:\/\/www.marketingmapy.com\/cs\/wp-json\/wp\/v2\/types\/page"}],"author":[{"embeddable":true,"href":"https:\/\/www.marketingmapy.com\/cs\/wp-json\/wp\/v2\/users\/4"}],"replies":[{"embeddable":true,"href":"https:\/\/www.marketingmapy.com\/cs\/wp-json\/wp\/v2\/comments?post=2023"}],"version-history":[{"count":79,"href":"https:\/\/www.marketingmapy.com\/cs\/wp-json\/wp\/v2\/pages\/2023\/revisions"}],"predecessor-version":[{"id":18094,"href":"https:\/\/www.marketingmapy.com\/cs\/wp-json\/wp\/v2\/pages\/2023\/revisions\/18094"}],"wp:attachment":[{"href":"https:\/\/www.marketingmapy.com\/cs\/wp-json\/wp\/v2\/media?parent=2023"}],"curies":[{"name":"wp","href":"https:\/\/api.w.org\/{rel}","templated":true}]}}