{"id":18,"date":"2016-12-29T10:26:37","date_gmt":"2016-12-29T09:26:37","guid":{"rendered":"https:\/\/www.marketingmapy.com\/?page_id=18"},"modified":"2025-05-05T13:02:46","modified_gmt":"2025-05-05T11:02:46","slug":"kontakt","status":"publish","type":"page","link":"https:\/\/www.marketingmapy.com\/cs\/kontakt\/","title":{"rendered":"Kontakt"},"content":{"rendered":"<div class=\"row\">\n<div class=\"col-md-6\">\n<table class=\"table\">\n<tbody>\n<tr class=\"success\">\n<th colspan=\"2\">Faktura\u010dn\u00ed \u00fadaje<\/th>\n<\/tr>\n<tr>\n<td rowspan=\"3\">Adresa:<\/td>\n<td>Marketing mapy s.r.o.<\/td>\n<\/tr>\n<tr>\n<td>\u017ditn\u00e1 3994<\/td>\n<\/tr>\n<tr>\n<td>276&nbsp;01 M\u011bln\u00edk<\/td>\n<\/tr>\n<tr>\n<td>I\u010c:<\/td>\n<td>07946562<\/td>\n<\/tr>\n<tr>\n<td>DI\u010c:<\/td>\n<td>CZ07946562, jsme pl\u00e1tci DPH<\/td>\n<\/tr>\n<tr>\n<td>Datov\u00e1 schr\u00e1nka:<\/td>\n<td>jwaxb5m<\/td>\n<\/tr>\n<tr>\n<td><\/td>\n<td>C 309804 veden\u00e1 u&nbsp;M\u011bstsk\u00e9ho soudu v&nbsp;Praze<\/td>\n<\/tr>\n<tr>\n<td>Banka<\/td>\n<td><strong>\u010c\u00edslo \u00fa\u010dtu pro CZK:<\/strong>\u00a02901712282 \/ 2010<br \/>\n<strong>\u010c\u00edslo \u00fa\u010dtu pro EUR:<\/strong> 2901712290 \/ 2010<br \/>\n<strong>N\u00e1zev \u00fa\u010dtu:<\/strong>\u00a0Marketing mapy s.r.o.<br \/>\n<strong>Banka:<\/strong>\u00a0FIO banka<\/td>\n<\/tr>\n<\/tbody>\n<\/table>\n<table class=\"table\">\n<tbody>\n<tr class=\"success\">\n<th colspan=\"2\">Kontakty<\/th>\n<\/tr>\n<tr class=\"telefon\">\n<td><strong>Hlavn\u00ed kontaktn\u00ed osoba:<\/strong><\/td>\n<td>Michal Kruti\u0161<br \/>\njednatel, spole\u010dn\u00edk<br \/>\n<a href=\"mailto:krutis@marketingmapy.com\">krutis@marketingmapy.com<\/a><\/td>\n<\/tr>\n<tr class=\"telefon\">\n<td><strong>Technick\u00e9 \u0159e\u0161en\u00ed:<\/strong><\/td>\n<td>Petr Jir\u00e1nek<br \/>\nspole\u010dn\u00edk<br \/>\n<a href=\"mailto:jiranek@marketingmapy.com\">jiranek@marketingmapy.com<\/a><\/td>\n<\/tr>\n<tr>\n<td><strong>Z\u00e1kaznick\u00e1 podpora:<\/strong><\/td>\n<td><a href=\"mailto:support@marketingmapy.com\">support@marketingmapy.com<\/a><\/td>\n<\/tr>\n<tr>\n<td><\/td>\n<td><\/td>\n<\/tr>\n<\/tbody>\n<\/table>\n<\/div>\n<div class=\"col-md-6\">\n<div class=\"col-sm-12 odstavec-dulezite\">\n<h2 class=\"text-center\">Kontaktujte n\u00e1s<\/h2>\n\n<div class=\"wpcf7 no-js\" id=\"wpcf7-f11-o1\" lang=\"cs-CZ\" dir=\"ltr\" data-wpcf7-id=\"11\">\n<div class=\"screen-reader-response\"><p role=\"status\" aria-live=\"polite\" aria-atomic=\"true\"><\/p> <ul><\/ul><\/div>\n<form action=\"\/cs\/wp-json\/wp\/v2\/pages\/18#wpcf7-f11-o1\" method=\"post\" class=\"wpcf7-form init form-horizontal\" aria-label=\"Kontaktn\u00ed formul\u00e1\u0159\" novalidate=\"novalidate\" data-status=\"init\">\n<fieldset class=\"hidden-fields-container\"><input type=\"hidden\" name=\"_wpcf7\" value=\"11\" \/><input type=\"hidden\" name=\"_wpcf7_version\" value=\"6.1.5\" \/><input type=\"hidden\" name=\"_wpcf7_locale\" value=\"cs_CZ\" \/><input type=\"hidden\" name=\"_wpcf7_unit_tag\" value=\"wpcf7-f11-o1\" \/><input type=\"hidden\" name=\"_wpcf7_container_post\" value=\"0\" \/><input type=\"hidden\" name=\"_wpcf7_posted_data_hash\" value=\"\" \/><input type=\"hidden\" name=\"_wpcf7_recaptcha_response\" value=\"\" \/>\n<\/fieldset>\n<div class=\"form-group your-name\"><label class=\" control-label col-sm-3\">Jm\u00e9no<\/label><div class=\"col-sm-9\"><input class=\"wpcf7-form-control wpcf7-text form-control\" name=\"your-name\" type=\"text\" value=\"\" aria-invalid=\"false\"><\/div><\/div>\n<div class=\"form-group your-email\"><label class=\" control-label col-sm-3\">E-mail <span class=\"required\">*<\/span><\/label><div class=\"col-sm-9\"><input class=\"wpcf7-form-control wpcf7-email wpcf7-validates-as-required wpcf7-text wpcf7-validates-as-email form-control\" name=\"your-email\" type=\"email\" value=\"\" aria-invalid=\"false\" aria-required=\"true\" required><\/div><\/div>\n<div class=\"form-group predmet\"><label class=\" control-label col-sm-3\">P\u0159edm\u011bt <span class=\"required\">*<\/span><\/label><div class=\"col-sm-9\"><input class=\"wpcf7-form-control wpcf7-text wpcf7-validates-as-required form-control\" name=\"predmet\" type=\"text\" value=\"\" aria-invalid=\"false\" aria-required=\"true\" required><\/div><\/div>\n<div class=\"form-group your-message\"><label class=\" control-label col-sm-3\">Zpr\u00e1va <span class=\"required\">*<\/span><\/label><div class=\"col-sm-9\"><textarea class=\"wpcf7-form-control wpcf7-textarea wpcf7-validates-as-required form-control\" name=\"your-message\" rows=\"4\" aria-invalid=\"false\" aria-required=\"true\" required><\/textarea><\/div><\/div>\n<div class=\"form-group wpcf7-form-control wpcf7-acceptance accept-this-1\"><div class=\"col-sm-9 col-sm-offset-3\"><div class=\"checkbox wpcf7-form-control wpcf7-acceptance accept-this-1\"><label ><input name=\"accept-this-1\" type=\"checkbox\" value=\"1\" aria-invalid=\"false\">Pou\u017eit\u00edm tohoto formul\u00e1\u0159e souhlas\u00edte s ukl\u00e1d\u00e1n\u00edm a manipulac\u00ed s t\u011bmito \u00fadaji prost\u0159ednictv\u00edm t\u00e9to webov\u00e9 str\u00e1nky. <a href=\"https:\/\/www.marketingmapy.com\/cs\/zasady-ochrany-osobnich-udaju\/\">Z\u00e1sady ochrany osobn\u00edch \u00fadaj\u016f<\/a>. Chr\u00e1n\u011bno slu\u017ebou&nbsp;Google <strong>reCAPTCHA<\/strong> <a href=\"https:\/\/www.google.com\/intl\/cs\/policies\/privacy\/\">Ochrana soukrom\u00ed<\/a> - <a href=\"https:\/\/www.google.com\/intl\/cs\/policies\/terms\/\">Smluvn\u00ed podm\u00ednky<\/a><\/label><\/div><\/div><\/div>\n<span id=\"city\" class=\"wpcf7-form-control-wrap City-wrap\" ><label for=\"wpcf7-6a0079c080094-field\" class=\"hp-message\">Ponechte toto pole pr\u00e1zdn\u00e9.<\/label><input id=\"wpcf7-6a0079c080094-field\"  class=\"wpcf7-form-control wpcf7-text\" type=\"text\" name=\"City\" value=\"\" size=\"40\" tabindex=\"-1\" autocomplete=\"new-password\" \/><\/span>\n<div class=\"form-group\"><div class=\"col-sm-9 col-sm-offset-3\"><input class=\"wpcf7-form-control wpcf7-submit btn btn-success btn-lg\" id=\"thesubmit\" type=\"submit\" value=\"Odeslat formul\u00e1\u0159\"><\/div><\/div><div class=\"wpcf7-response-output alert alert-warning\"><\/div>\n<\/form>\n<\/div>\n\n<\/div>\n<\/div>\n<h2 class=\"text-center\">Z\u00e1ruka<\/h2>\n<p style=\"text-align: center;\"><a href=\"https:\/\/www.marketingmapy.com\/cs\/elektromobilita\">Projekt elektromobilita<\/a><\/p>\n<\/div>\n","protected":false},"excerpt":{"rendered":"<p>Faktura\u010dn\u00ed \u00fadaje Adresa: Marketing mapy s.r.o. \u017ditn\u00e1 3994&nbsp;276&nbsp;01 M\u011bln\u00edk I\u010c: 07946562 DI\u010c: CZ07946562, jsme pl\u00e1tci DPH Datov\u00e1 schr\u00e1nka: jwaxb5m C 309804 veden\u00e1 u&nbsp;M\u011bstsk\u00e9ho soudu v&nbsp;Praze Banka \u010c\u00edslo \u00fa\u010dtu pro CZK:\u00a02901712282 \/ 2010 \u010c\u00edslo \u00fa\u010dtu pro EUR: 2901712290 \/ 2010 N\u00e1zev \u00fa\u010dtu:\u00a0Marketing mapy s.r.o. Banka:\u00a0FIO banka Kontakty Hlavn\u00ed kontaktn\u00ed osoba: Michal Kruti\u0161 jednatel, spole\u010dn\u00edk krutis@marketingmapy.com &hellip;<\/p>\n","protected":false},"author":1,"featured_media":0,"parent":0,"menu_order":0,"comment_status":"closed","ping_status":"closed","template":"","meta":{"_acf_changed":false,"footnotes":""},"class_list":["post-18","page","type-page","status-publish","hentry"],"acf":[],"yoast_head":"<!-- This site is optimized with the Yoast SEO plugin v27.5 - https:\/\/yoast.com\/product\/yoast-seo-wordpress\/ -->\n<title>Kontakt - Marketing Mapy<\/title>\n<meta name=\"description\" content=\"Faktura\u010dn\u00ed \u00fadaje Adresa: Marketing mapy s.r.o. \u017ditn\u00e1 3994 276 01 M\u011bln\u00edk I\u010c: 07946562 DI\u010c: CZ07946562, jsme pl\u00e1tci DPH Datov\u00e1 schr\u00e1nka: jwaxb5m C 309804\" \/>\n<meta name=\"robots\" content=\"index, follow, max-snippet:-1, max-image-preview:large, max-video-preview:-1\" \/>\n<link rel=\"canonical\" href=\"https:\/\/www.marketingmapy.com\/cs\/kontakt\/\" \/>\n<meta property=\"og:locale\" content=\"cs_CZ\" \/>\n<meta property=\"og:type\" content=\"article\" \/>\n<meta property=\"og:title\" content=\"Kontakt - Marketing Mapy\" \/>\n<meta property=\"og:description\" content=\"Faktura\u010dn\u00ed \u00fadaje Adresa: Marketing mapy s.r.o. \u017ditn\u00e1 3994 276 01 M\u011bln\u00edk I\u010c: 07946562 DI\u010c: CZ07946562, jsme pl\u00e1tci DPH Datov\u00e1 schr\u00e1nka: jwaxb5m C 309804\" \/>\n<meta property=\"og:url\" content=\"https:\/\/www.marketingmapy.com\/cs\/kontakt\/\" \/>\n<meta property=\"og:site_name\" content=\"Marketing Mapy\" \/>\n<meta property=\"article:modified_time\" content=\"2025-05-05T11:02:46+00:00\" \/>\n<meta name=\"twitter:card\" content=\"summary_large_image\" \/>\n<meta name=\"twitter:label1\" content=\"Odhadovan\u00e1 doba \u010dten\u00ed\" \/>\n\t<meta name=\"twitter:data1\" content=\"1 minuta\" \/>\n<script type=\"application\/ld+json\" class=\"yoast-schema-graph\">{\"@context\":\"https:\\\/\\\/schema.org\",\"@graph\":[{\"@type\":\"WebPage\",\"@id\":\"https:\\\/\\\/www.marketingmapy.com\\\/cs\\\/kontakt\\\/\",\"url\":\"https:\\\/\\\/www.marketingmapy.com\\\/cs\\\/kontakt\\\/\",\"name\":\"Kontakt - Marketing Mapy\",\"isPartOf\":{\"@id\":\"https:\\\/\\\/www.marketingmapy.com\\\/cs\\\/#website\"},\"datePublished\":\"2016-12-29T09:26:37+00:00\",\"dateModified\":\"2025-05-05T11:02:46+00:00\",\"description\":\"Faktura\u010dn\u00ed \u00fadaje Adresa: Marketing mapy s.r.o. \u017ditn\u00e1 3994 276 01 M\u011bln\u00edk I\u010c: 07946562 DI\u010c: CZ07946562, jsme pl\u00e1tci DPH Datov\u00e1 schr\u00e1nka: jwaxb5m C 309804\",\"breadcrumb\":{\"@id\":\"https:\\\/\\\/www.marketingmapy.com\\\/cs\\\/kontakt\\\/#breadcrumb\"},\"inLanguage\":\"cs\",\"potentialAction\":[{\"@type\":\"ReadAction\",\"target\":[\"https:\\\/\\\/www.marketingmapy.com\\\/cs\\\/kontakt\\\/\"]}]},{\"@type\":\"BreadcrumbList\",\"@id\":\"https:\\\/\\\/www.marketingmapy.com\\\/cs\\\/kontakt\\\/#breadcrumb\",\"itemListElement\":[{\"@type\":\"ListItem\",\"position\":1,\"name\":\"\u00davod\",\"item\":\"https:\\\/\\\/www.marketingmapy.com\\\/cs\\\/\"},{\"@type\":\"ListItem\",\"position\":2,\"name\":\"Kontakt\"}]},{\"@type\":\"WebSite\",\"@id\":\"https:\\\/\\\/www.marketingmapy.com\\\/cs\\\/#website\",\"url\":\"https:\\\/\\\/www.marketingmapy.com\\\/cs\\\/\",\"name\":\"Marketing Mapy\",\"description\":\"N\u00e1stroj pro \u0159\u00edzen\u00ed marketingov\u00fdch projekt\u016f nejen v digit\u00e1ln\u00ed agentu\u0159e\",\"potentialAction\":[{\"@type\":\"SearchAction\",\"target\":{\"@type\":\"EntryPoint\",\"urlTemplate\":\"https:\\\/\\\/www.marketingmapy.com\\\/cs\\\/?s={search_term_string}\"},\"query-input\":{\"@type\":\"PropertyValueSpecification\",\"valueRequired\":true,\"valueName\":\"search_term_string\"}}],\"inLanguage\":\"cs\"}]}<\/script>\n<!-- \/ Yoast SEO plugin. -->","yoast_head_json":{"title":"Kontakt - Marketing Mapy","description":"Faktura\u010dn\u00ed \u00fadaje Adresa: Marketing mapy s.r.o. \u017ditn\u00e1 3994 276 01 M\u011bln\u00edk I\u010c: 07946562 DI\u010c: CZ07946562, jsme pl\u00e1tci DPH Datov\u00e1 schr\u00e1nka: jwaxb5m C 309804","robots":{"index":"index","follow":"follow","max-snippet":"max-snippet:-1","max-image-preview":"max-image-preview:large","max-video-preview":"max-video-preview:-1"},"canonical":"https:\/\/www.marketingmapy.com\/cs\/kontakt\/","og_locale":"cs_CZ","og_type":"article","og_title":"Kontakt - Marketing Mapy","og_description":"Faktura\u010dn\u00ed \u00fadaje Adresa: Marketing mapy s.r.o. \u017ditn\u00e1 3994 276 01 M\u011bln\u00edk I\u010c: 07946562 DI\u010c: CZ07946562, jsme pl\u00e1tci DPH Datov\u00e1 schr\u00e1nka: jwaxb5m C 309804","og_url":"https:\/\/www.marketingmapy.com\/cs\/kontakt\/","og_site_name":"Marketing Mapy","article_modified_time":"2025-05-05T11:02:46+00:00","twitter_card":"summary_large_image","twitter_misc":{"Odhadovan\u00e1 doba \u010dten\u00ed":"1 minuta"},"schema":{"@context":"https:\/\/schema.org","@graph":[{"@type":"WebPage","@id":"https:\/\/www.marketingmapy.com\/cs\/kontakt\/","url":"https:\/\/www.marketingmapy.com\/cs\/kontakt\/","name":"Kontakt - Marketing Mapy","isPartOf":{"@id":"https:\/\/www.marketingmapy.com\/cs\/#website"},"datePublished":"2016-12-29T09:26:37+00:00","dateModified":"2025-05-05T11:02:46+00:00","description":"Faktura\u010dn\u00ed \u00fadaje Adresa: Marketing mapy s.r.o. \u017ditn\u00e1 3994 276 01 M\u011bln\u00edk I\u010c: 07946562 DI\u010c: CZ07946562, jsme pl\u00e1tci DPH Datov\u00e1 schr\u00e1nka: jwaxb5m C 309804","breadcrumb":{"@id":"https:\/\/www.marketingmapy.com\/cs\/kontakt\/#breadcrumb"},"inLanguage":"cs","potentialAction":[{"@type":"ReadAction","target":["https:\/\/www.marketingmapy.com\/cs\/kontakt\/"]}]},{"@type":"BreadcrumbList","@id":"https:\/\/www.marketingmapy.com\/cs\/kontakt\/#breadcrumb","itemListElement":[{"@type":"ListItem","position":1,"name":"\u00davod","item":"https:\/\/www.marketingmapy.com\/cs\/"},{"@type":"ListItem","position":2,"name":"Kontakt"}]},{"@type":"WebSite","@id":"https:\/\/www.marketingmapy.com\/cs\/#website","url":"https:\/\/www.marketingmapy.com\/cs\/","name":"Marketing Mapy","description":"N\u00e1stroj pro \u0159\u00edzen\u00ed marketingov\u00fdch projekt\u016f nejen v digit\u00e1ln\u00ed agentu\u0159e","potentialAction":[{"@type":"SearchAction","target":{"@type":"EntryPoint","urlTemplate":"https:\/\/www.marketingmapy.com\/cs\/?s={search_term_string}"},"query-input":{"@type":"PropertyValueSpecification","valueRequired":true,"valueName":"search_term_string"}}],"inLanguage":"cs"}]}},"_links":{"self":[{"href":"https:\/\/www.marketingmapy.com\/cs\/wp-json\/wp\/v2\/pages\/18","targetHints":{"allow":["GET"]}}],"collection":[{"href":"https:\/\/www.marketingmapy.com\/cs\/wp-json\/wp\/v2\/pages"}],"about":[{"href":"https:\/\/www.marketingmapy.com\/cs\/wp-json\/wp\/v2\/types\/page"}],"author":[{"embeddable":true,"href":"https:\/\/www.marketingmapy.com\/cs\/wp-json\/wp\/v2\/users\/1"}],"replies":[{"embeddable":true,"href":"https:\/\/www.marketingmapy.com\/cs\/wp-json\/wp\/v2\/comments?post=18"}],"version-history":[{"count":38,"href":"https:\/\/www.marketingmapy.com\/cs\/wp-json\/wp\/v2\/pages\/18\/revisions"}],"predecessor-version":[{"id":17634,"href":"https:\/\/www.marketingmapy.com\/cs\/wp-json\/wp\/v2\/pages\/18\/revisions\/17634"}],"wp:attachment":[{"href":"https:\/\/www.marketingmapy.com\/cs\/wp-json\/wp\/v2\/media?parent=18"}],"curies":[{"name":"wp","href":"https:\/\/api.w.org\/{rel}","templated":true}]}}