{"id":15514,"date":"2025-03-26T11:28:12","date_gmt":"2025-03-26T10:28:12","guid":{"rendered":"https:\/\/www.marketingmapy.com\/?page_id=15514"},"modified":"2025-03-26T11:28:12","modified_gmt":"2025-03-26T10:28:12","slug":"projekt-zaruka-elektromobility-pro-spolecnost-marketing-mapy-s-r-o","status":"publish","type":"page","link":"https:\/\/www.marketingmapy.com\/cs\/elektromobilita","title":{"rendered":"Projekt Z\u00e1ruka elektromobility pro spole\u010dnost Marketing mapy s.r.o."},"content":{"rendered":"<div class=\" \">\n<h2 align=\"center\"><strong>Popis a\u00a0c\u00edle projektu:<\/strong><\/h2>\n<p>C\u00edlem je n\u00e1kup\u00a0 elektromobilu Tesla Y v&nbsp;kategorii M1 a\u00a0\u00a0po\u0159\u00edzen\u00ed dob\u00edjec\u00ed stanice Wallbox\u00a0 na adrese \u017ditn\u00e1 3994, M\u011bln\u00edk. C\u00edlem je zajistit efektivn\u00ed dob\u00edjen\u00ed nov\u00fdch elektromobil\u016f p\u0159\u00edmo v&nbsp;s\u00eddle spole\u010dnosti.<\/p>\n<p>&nbsp;<\/p>\n<h2 align=\"center\"><strong>V\u00fdsledek realizace projektu:<\/strong><\/h2>\n<p>Prost\u0159ednictv\u00edm tohoto projektu dos\u00e1hne spole\u010dnost Marketing mapy s.r.o. n\u00e1sleduj\u00edc\u00edch v\u00fdsledk\u016f:<\/p>\n<ul>\n<li>V\u00fdznamn\u00e9 sn\u00ed\u017een\u00ed emis\u00ed zne\u010di\u0161\u0165uj\u00edc\u00edch l\u00e1tek.<\/li>\n<li>Pokles provozn\u00edch n\u00e1klad\u016f vozov\u00e9ho parku spole\u010dnosti.<\/li>\n<li>Zv\u00fd\u0161en\u00ed energetick\u00e9 \u00fa\u010dinnosti vozov\u00e9ho parku.<\/li>\n<\/ul>\n<p>&nbsp;<\/p>\n<h2 align=\"center\"><strong>Financov\u00e1n\u00ed:<\/strong><\/h2>\n<p align=\"center\">Projekt je spolufinancov\u00e1n z\u00a0prost\u0159edk\u016f Evropsk\u00e9 unie.<\/p>\n<p>&nbsp;<\/p>\n<p class=\"ar\">Datum: 1.&nbsp;10.&nbsp;2024<\/p>\n<\/div>\n<div class=\"cms-mezera \"><\/div>\n<div class=\"al \"><img loading=\"lazy\" decoding=\"async\" class=\"alignnone size-full wp-image-15517\" src=\"https:\/\/www.marketingmapy.com\/wp-content\/uploads\/2024\/10\/nahled-2788-stazeny-soubor.png\" alt=\"\" width=\"251\" height=\"113\" \/> <img loading=\"lazy\" decoding=\"async\" class=\"alignnone size-large wp-image-15519\" src=\"https:\/\/www.marketingmapy.com\/wp-content\/uploads\/2024\/10\/nahled-2787-narodni-plan-obnovy.png\" alt=\"\" width=\"251\" height=\"68\" \/> <img loading=\"lazy\" decoding=\"async\" class=\"alignnone size-large wp-image-15521\" src=\"https:\/\/www.marketingmapy.com\/wp-content\/uploads\/2024\/10\/nahled-2785-fve-npo-.jpg\" alt=\"\" width=\"252\" height=\"76\" \/><\/div>\n","protected":false},"excerpt":{"rendered":"<p>Popis a\u00a0c\u00edle projektu: C\u00edlem je n\u00e1kup\u00a0 elektromobilu Tesla Y v&nbsp;kategorii M1 a\u00a0\u00a0po\u0159\u00edzen\u00ed dob\u00edjec\u00ed stanice Wallbox\u00a0 na adrese \u017ditn\u00e1 3994, M\u011bln\u00edk. C\u00edlem je zajistit efektivn\u00ed dob\u00edjen\u00ed nov\u00fdch elektromobil\u016f p\u0159\u00edmo v&nbsp;s\u00eddle spole\u010dnosti. &nbsp; V\u00fdsledek realizace projektu: Prost\u0159ednictv\u00edm tohoto projektu dos\u00e1hne spole\u010dnost Marketing mapy s.r.o. n\u00e1sleduj\u00edc\u00edch v\u00fdsledk\u016f: V\u00fdznamn\u00e9 sn\u00ed\u017een\u00ed emis\u00ed zne\u010di\u0161\u0165uj\u00edc\u00edch l\u00e1tek. Pokles provozn\u00edch n\u00e1klad\u016f vozov\u00e9ho parku spole\u010dnosti. &hellip;<\/p>\n","protected":false},"author":4,"featured_media":0,"parent":0,"menu_order":0,"comment_status":"closed","ping_status":"closed","template":"","meta":{"_acf_changed":false,"footnotes":""},"class_list":["post-15514","page","type-page","status-publish","hentry"],"acf":[],"yoast_head":"<!-- This site is optimized with the Yoast SEO plugin v27.5 - https:\/\/yoast.com\/product\/yoast-seo-wordpress\/ -->\n<title>Projekt Z\u00e1ruka elektromobility pro spole\u010dnost Marketing mapy s.r.o. - Marketing Mapy<\/title>\n<meta name=\"description\" content=\"Popis a\u00a0c\u00edle projektu: C\u00edlem je n\u00e1kup\u00a0 elektromobilu Tesla Y v kategorii M1 a\u00a0\u00a0po\u0159\u00edzen\u00ed dob\u00edjec\u00ed stanice Wallbox\u00a0 na adrese \u017ditn\u00e1 3994, M\u011bln\u00edk. C\u00edlem je\" \/>\n<meta name=\"robots\" content=\"index, follow, max-snippet:-1, max-image-preview:large, max-video-preview:-1\" \/>\n<link rel=\"canonical\" href=\"https:\/\/www.marketingmapy.com\/cs\/elektromobilita\/\" \/>\n<meta property=\"og:locale\" content=\"cs_CZ\" \/>\n<meta property=\"og:type\" content=\"article\" \/>\n<meta property=\"og:title\" content=\"Projekt Z\u00e1ruka elektromobility pro spole\u010dnost Marketing mapy s.r.o. - Marketing Mapy\" \/>\n<meta property=\"og:description\" content=\"Popis a\u00a0c\u00edle projektu: C\u00edlem je n\u00e1kup\u00a0 elektromobilu Tesla Y v kategorii M1 a\u00a0\u00a0po\u0159\u00edzen\u00ed dob\u00edjec\u00ed stanice Wallbox\u00a0 na adrese \u017ditn\u00e1 3994, M\u011bln\u00edk. C\u00edlem je\" \/>\n<meta property=\"og:url\" content=\"https:\/\/www.marketingmapy.com\/cs\/elektromobilita\/\" \/>\n<meta property=\"og:site_name\" content=\"Marketing Mapy\" \/>\n<meta property=\"og:image\" content=\"https:\/\/www.marketingmapy.com\/wp-content\/uploads\/2024\/10\/nahled-2788-stazeny-soubor.png\" \/>\n\t<meta property=\"og:image:width\" content=\"251\" \/>\n\t<meta property=\"og:image:height\" content=\"113\" \/>\n\t<meta property=\"og:image:type\" content=\"image\/png\" \/>\n<meta name=\"twitter:card\" content=\"summary_large_image\" \/>\n<meta name=\"twitter:label1\" content=\"Odhadovan\u00e1 doba \u010dten\u00ed\" \/>\n\t<meta name=\"twitter:data1\" content=\"1 minuta\" \/>\n<script type=\"application\/ld+json\" class=\"yoast-schema-graph\">{\"@context\":\"https:\\\/\\\/schema.org\",\"@graph\":[{\"@type\":\"WebPage\",\"@id\":\"https:\\\/\\\/www.marketingmapy.com\\\/cs\\\/elektromobilita\\\/\",\"url\":\"https:\\\/\\\/www.marketingmapy.com\\\/cs\\\/elektromobilita\\\/\",\"name\":\"Projekt Z\u00e1ruka elektromobility pro spole\u010dnost Marketing mapy s.r.o. - Marketing Mapy\",\"isPartOf\":{\"@id\":\"https:\\\/\\\/www.marketingmapy.com\\\/cs\\\/#website\"},\"primaryImageOfPage\":{\"@id\":\"https:\\\/\\\/www.marketingmapy.com\\\/cs\\\/elektromobilita\\\/#primaryimage\"},\"image\":{\"@id\":\"https:\\\/\\\/www.marketingmapy.com\\\/cs\\\/elektromobilita\\\/#primaryimage\"},\"thumbnailUrl\":\"https:\\\/\\\/www.marketingmapy.com\\\/wp-content\\\/uploads\\\/2024\\\/10\\\/nahled-2788-stazeny-soubor.png\",\"datePublished\":\"2025-03-26T10:28:12+00:00\",\"description\":\"Popis a\u00a0c\u00edle projektu: C\u00edlem je n\u00e1kup\u00a0 elektromobilu Tesla Y v kategorii M1 a\u00a0\u00a0po\u0159\u00edzen\u00ed dob\u00edjec\u00ed stanice Wallbox\u00a0 na adrese \u017ditn\u00e1 3994, M\u011bln\u00edk. C\u00edlem je\",\"breadcrumb\":{\"@id\":\"https:\\\/\\\/www.marketingmapy.com\\\/cs\\\/elektromobilita\\\/#breadcrumb\"},\"inLanguage\":\"cs\",\"potentialAction\":[{\"@type\":\"ReadAction\",\"target\":[\"https:\\\/\\\/www.marketingmapy.com\\\/cs\\\/elektromobilita\\\/\"]}]},{\"@type\":\"ImageObject\",\"inLanguage\":\"cs\",\"@id\":\"https:\\\/\\\/www.marketingmapy.com\\\/cs\\\/elektromobilita\\\/#primaryimage\",\"url\":\"https:\\\/\\\/www.marketingmapy.com\\\/wp-content\\\/uploads\\\/2024\\\/10\\\/nahled-2788-stazeny-soubor.png\",\"contentUrl\":\"https:\\\/\\\/www.marketingmapy.com\\\/wp-content\\\/uploads\\\/2024\\\/10\\\/nahled-2788-stazeny-soubor.png\"},{\"@type\":\"BreadcrumbList\",\"@id\":\"https:\\\/\\\/www.marketingmapy.com\\\/cs\\\/elektromobilita\\\/#breadcrumb\",\"itemListElement\":[{\"@type\":\"ListItem\",\"position\":1,\"name\":\"\u00davod\",\"item\":\"https:\\\/\\\/www.marketingmapy.com\\\/cs\\\/\"},{\"@type\":\"ListItem\",\"position\":2,\"name\":\"Projekt Z\u00e1ruka elektromobility pro spole\u010dnost Marketing mapy s.r.o.\"}]},{\"@type\":\"WebSite\",\"@id\":\"https:\\\/\\\/www.marketingmapy.com\\\/cs\\\/#website\",\"url\":\"https:\\\/\\\/www.marketingmapy.com\\\/cs\\\/\",\"name\":\"Marketing Mapy\",\"description\":\"N\u00e1stroj pro \u0159\u00edzen\u00ed marketingov\u00fdch projekt\u016f nejen v digit\u00e1ln\u00ed agentu\u0159e\",\"potentialAction\":[{\"@type\":\"SearchAction\",\"target\":{\"@type\":\"EntryPoint\",\"urlTemplate\":\"https:\\\/\\\/www.marketingmapy.com\\\/cs\\\/?s={search_term_string}\"},\"query-input\":{\"@type\":\"PropertyValueSpecification\",\"valueRequired\":true,\"valueName\":\"search_term_string\"}}],\"inLanguage\":\"cs\"}]}<\/script>\n<!-- \/ Yoast SEO plugin. -->","yoast_head_json":{"title":"Projekt Z\u00e1ruka elektromobility pro spole\u010dnost Marketing mapy s.r.o. - Marketing Mapy","description":"Popis a\u00a0c\u00edle projektu: C\u00edlem je n\u00e1kup\u00a0 elektromobilu Tesla Y v kategorii M1 a\u00a0\u00a0po\u0159\u00edzen\u00ed dob\u00edjec\u00ed stanice Wallbox\u00a0 na adrese \u017ditn\u00e1 3994, M\u011bln\u00edk. C\u00edlem je","robots":{"index":"index","follow":"follow","max-snippet":"max-snippet:-1","max-image-preview":"max-image-preview:large","max-video-preview":"max-video-preview:-1"},"canonical":"https:\/\/www.marketingmapy.com\/cs\/elektromobilita\/","og_locale":"cs_CZ","og_type":"article","og_title":"Projekt Z\u00e1ruka elektromobility pro spole\u010dnost Marketing mapy s.r.o. - Marketing Mapy","og_description":"Popis a\u00a0c\u00edle projektu: C\u00edlem je n\u00e1kup\u00a0 elektromobilu Tesla Y v kategorii M1 a\u00a0\u00a0po\u0159\u00edzen\u00ed dob\u00edjec\u00ed stanice Wallbox\u00a0 na adrese \u017ditn\u00e1 3994, M\u011bln\u00edk. C\u00edlem je","og_url":"https:\/\/www.marketingmapy.com\/cs\/elektromobilita\/","og_site_name":"Marketing Mapy","og_image":[{"width":251,"height":113,"url":"https:\/\/www.marketingmapy.com\/wp-content\/uploads\/2024\/10\/nahled-2788-stazeny-soubor.png","type":"image\/png"}],"twitter_card":"summary_large_image","twitter_misc":{"Odhadovan\u00e1 doba \u010dten\u00ed":"1 minuta"},"schema":{"@context":"https:\/\/schema.org","@graph":[{"@type":"WebPage","@id":"https:\/\/www.marketingmapy.com\/cs\/elektromobilita\/","url":"https:\/\/www.marketingmapy.com\/cs\/elektromobilita\/","name":"Projekt Z\u00e1ruka elektromobility pro spole\u010dnost Marketing mapy s.r.o. - Marketing Mapy","isPartOf":{"@id":"https:\/\/www.marketingmapy.com\/cs\/#website"},"primaryImageOfPage":{"@id":"https:\/\/www.marketingmapy.com\/cs\/elektromobilita\/#primaryimage"},"image":{"@id":"https:\/\/www.marketingmapy.com\/cs\/elektromobilita\/#primaryimage"},"thumbnailUrl":"https:\/\/www.marketingmapy.com\/wp-content\/uploads\/2024\/10\/nahled-2788-stazeny-soubor.png","datePublished":"2025-03-26T10:28:12+00:00","description":"Popis a\u00a0c\u00edle projektu: C\u00edlem je n\u00e1kup\u00a0 elektromobilu Tesla Y v kategorii M1 a\u00a0\u00a0po\u0159\u00edzen\u00ed dob\u00edjec\u00ed stanice Wallbox\u00a0 na adrese \u017ditn\u00e1 3994, M\u011bln\u00edk. C\u00edlem je","breadcrumb":{"@id":"https:\/\/www.marketingmapy.com\/cs\/elektromobilita\/#breadcrumb"},"inLanguage":"cs","potentialAction":[{"@type":"ReadAction","target":["https:\/\/www.marketingmapy.com\/cs\/elektromobilita\/"]}]},{"@type":"ImageObject","inLanguage":"cs","@id":"https:\/\/www.marketingmapy.com\/cs\/elektromobilita\/#primaryimage","url":"https:\/\/www.marketingmapy.com\/wp-content\/uploads\/2024\/10\/nahled-2788-stazeny-soubor.png","contentUrl":"https:\/\/www.marketingmapy.com\/wp-content\/uploads\/2024\/10\/nahled-2788-stazeny-soubor.png"},{"@type":"BreadcrumbList","@id":"https:\/\/www.marketingmapy.com\/cs\/elektromobilita\/#breadcrumb","itemListElement":[{"@type":"ListItem","position":1,"name":"\u00davod","item":"https:\/\/www.marketingmapy.com\/cs\/"},{"@type":"ListItem","position":2,"name":"Projekt Z\u00e1ruka elektromobility pro spole\u010dnost Marketing mapy s.r.o."}]},{"@type":"WebSite","@id":"https:\/\/www.marketingmapy.com\/cs\/#website","url":"https:\/\/www.marketingmapy.com\/cs\/","name":"Marketing Mapy","description":"N\u00e1stroj pro \u0159\u00edzen\u00ed marketingov\u00fdch projekt\u016f nejen v digit\u00e1ln\u00ed agentu\u0159e","potentialAction":[{"@type":"SearchAction","target":{"@type":"EntryPoint","urlTemplate":"https:\/\/www.marketingmapy.com\/cs\/?s={search_term_string}"},"query-input":{"@type":"PropertyValueSpecification","valueRequired":true,"valueName":"search_term_string"}}],"inLanguage":"cs"}]}},"_links":{"self":[{"href":"https:\/\/www.marketingmapy.com\/cs\/wp-json\/wp\/v2\/pages\/15514","targetHints":{"allow":["GET"]}}],"collection":[{"href":"https:\/\/www.marketingmapy.com\/cs\/wp-json\/wp\/v2\/pages"}],"about":[{"href":"https:\/\/www.marketingmapy.com\/cs\/wp-json\/wp\/v2\/types\/page"}],"author":[{"embeddable":true,"href":"https:\/\/www.marketingmapy.com\/cs\/wp-json\/wp\/v2\/users\/4"}],"replies":[{"embeddable":true,"href":"https:\/\/www.marketingmapy.com\/cs\/wp-json\/wp\/v2\/comments?post=15514"}],"version-history":[{"count":3,"href":"https:\/\/www.marketingmapy.com\/cs\/wp-json\/wp\/v2\/pages\/15514\/revisions"}],"predecessor-version":[{"id":15523,"href":"https:\/\/www.marketingmapy.com\/cs\/wp-json\/wp\/v2\/pages\/15514\/revisions\/15523"}],"wp:attachment":[{"href":"https:\/\/www.marketingmapy.com\/cs\/wp-json\/wp\/v2\/media?parent=15514"}],"curies":[{"name":"wp","href":"https:\/\/api.w.org\/{rel}","templated":true}]}}